{"id":402,"date":"2026-01-17T03:26:25","date_gmt":"2026-01-17T00:26:25","guid":{"rendered":"https:\/\/www.bsrsavunma.com.tr\/?post_type=product&#038;p=402"},"modified":"2026-01-28T02:43:48","modified_gmt":"2026-01-27T23:43:48","slug":"preslenmis-plastik-patlayici-c4","status":"publish","type":"product","link":"https:\/\/www.bsrsavunma.com.tr\/?product=preslenmis-plastik-patlayici-c4","title":{"rendered":"Preslenmi\u015f Plastik Patlay\u0131c\u0131 C4"},"content":{"rendered":"","protected":false},"excerpt":{"rendered":"","protected":false},"featured_media":424,"comment_status":"closed","ping_status":"closed","template":"","meta":[],"product_brand":[],"product_cat":[15],"product_tag":[],"class_list":{"0":"post-402","1":"product","2":"type-product","3":"status-publish","4":"has-post-thumbnail","6":"product_cat-urunler","8":"first","9":"instock","10":"shipping-taxable","11":"product-type-simple"},"yoast_head":"<!-- This site is optimized with the Yoast SEO plugin v26.8 - https:\/\/yoast.com\/product\/yoast-seo-wordpress\/ -->\n<title>Preslenmi\u015f Plastik Patlay\u0131c\u0131 C4 - BSR Savunma Sanayi<\/title>\n<meta name=\"robots\" content=\"index, follow, max-snippet:-1, max-image-preview:large, max-video-preview:-1\" \/>\n<link rel=\"canonical\" href=\"https:\/\/www.bsrsavunma.com.tr\/?product=preslenmis-plastik-patlayici-c4\" \/>\n<meta property=\"og:locale\" content=\"tr_TR\" \/>\n<meta property=\"og:type\" content=\"article\" \/>\n<meta property=\"og:title\" content=\"Preslenmi\u015f Plastik Patlay\u0131c\u0131 C4 - BSR Savunma Sanayi\" \/>\n<meta property=\"og:url\" content=\"https:\/\/www.bsrsavunma.com.tr\/?product=preslenmis-plastik-patlayici-c4\" \/>\n<meta property=\"og:site_name\" content=\"BSR Savunma Sanayi\" \/>\n<meta property=\"article:modified_time\" content=\"2026-01-27T23:43:48+00:00\" \/>\n<meta property=\"og:image\" content=\"https:\/\/www.bsrsavunma.com.tr\/wp-content\/uploads\/2026\/01\/c4-2553.jpg\" \/>\n\t<meta property=\"og:image:width\" content=\"900\" \/>\n\t<meta property=\"og:image:height\" content=\"900\" \/>\n\t<meta property=\"og:image:type\" content=\"image\/jpeg\" \/>\n<meta name=\"twitter:card\" content=\"summary_large_image\" \/>\n<meta name=\"twitter:label1\" content=\"Tahmini okuma s\u00fcresi\" \/>\n\t<meta name=\"twitter:data1\" content=\"1 dakika\" \/>\n<script type=\"application\/ld+json\" class=\"yoast-schema-graph\">{\"@context\":\"https:\/\/schema.org\",\"@graph\":[{\"@type\":\"WebPage\",\"@id\":\"https:\/\/www.bsrsavunma.com.tr\/?product=preslenmis-plastik-patlayici-c4\",\"url\":\"https:\/\/www.bsrsavunma.com.tr\/?product=preslenmis-plastik-patlayici-c4\",\"name\":\"Preslenmi\u015f Plastik Patlay\u0131c\u0131 C4 - BSR Savunma Sanayi\",\"isPartOf\":{\"@id\":\"https:\/\/www.bsrsavunma.com.tr\/#website\"},\"primaryImageOfPage\":{\"@id\":\"https:\/\/www.bsrsavunma.com.tr\/?product=preslenmis-plastik-patlayici-c4#primaryimage\"},\"image\":{\"@id\":\"https:\/\/www.bsrsavunma.com.tr\/?product=preslenmis-plastik-patlayici-c4#primaryimage\"},\"thumbnailUrl\":\"https:\/\/www.bsrsavunma.com.tr\/wp-content\/uploads\/2026\/01\/c4-2553.jpg\",\"datePublished\":\"2026-01-17T00:26:25+00:00\",\"dateModified\":\"2026-01-27T23:43:48+00:00\",\"breadcrumb\":{\"@id\":\"https:\/\/www.bsrsavunma.com.tr\/?product=preslenmis-plastik-patlayici-c4#breadcrumb\"},\"inLanguage\":\"tr\",\"potentialAction\":[{\"@type\":\"ReadAction\",\"target\":[\"https:\/\/www.bsrsavunma.com.tr\/?product=preslenmis-plastik-patlayici-c4\"]}]},{\"@type\":\"ImageObject\",\"inLanguage\":\"tr\",\"@id\":\"https:\/\/www.bsrsavunma.com.tr\/?product=preslenmis-plastik-patlayici-c4#primaryimage\",\"url\":\"https:\/\/www.bsrsavunma.com.tr\/wp-content\/uploads\/2026\/01\/c4-2553.jpg\",\"contentUrl\":\"https:\/\/www.bsrsavunma.com.tr\/wp-content\/uploads\/2026\/01\/c4-2553.jpg\",\"width\":900,\"height\":900},{\"@type\":\"BreadcrumbList\",\"@id\":\"https:\/\/www.bsrsavunma.com.tr\/?product=preslenmis-plastik-patlayici-c4#breadcrumb\",\"itemListElement\":[{\"@type\":\"ListItem\",\"position\":1,\"name\":\"Home\",\"item\":\"https:\/\/www.bsrsavunma.com.tr\/\"},{\"@type\":\"ListItem\",\"position\":2,\"name\":\"\u00dcr\u00fcnler\",\"item\":\"https:\/\/www.bsrsavunma.com.tr\/?page_id=9\"},{\"@type\":\"ListItem\",\"position\":3,\"name\":\"Preslenmi\u015f Plastik Patlay\u0131c\u0131 C4\"}]},{\"@type\":\"WebSite\",\"@id\":\"https:\/\/www.bsrsavunma.com.tr\/#website\",\"url\":\"https:\/\/www.bsrsavunma.com.tr\/\",\"name\":\"BSR Savunma Sanayi\",\"description\":\"\",\"potentialAction\":[{\"@type\":\"SearchAction\",\"target\":{\"@type\":\"EntryPoint\",\"urlTemplate\":\"https:\/\/www.bsrsavunma.com.tr\/?s={search_term_string}\"},\"query-input\":{\"@type\":\"PropertyValueSpecification\",\"valueRequired\":true,\"valueName\":\"search_term_string\"}}],\"inLanguage\":\"tr\"}]}<\/script>\n<!-- \/ Yoast SEO plugin. -->","yoast_head_json":{"title":"Preslenmi\u015f Plastik Patlay\u0131c\u0131 C4 - BSR Savunma Sanayi","robots":{"index":"index","follow":"follow","max-snippet":"max-snippet:-1","max-image-preview":"max-image-preview:large","max-video-preview":"max-video-preview:-1"},"canonical":"https:\/\/www.bsrsavunma.com.tr\/?product=preslenmis-plastik-patlayici-c4","og_locale":"tr_TR","og_type":"article","og_title":"Preslenmi\u015f Plastik Patlay\u0131c\u0131 C4 - BSR Savunma Sanayi","og_url":"https:\/\/www.bsrsavunma.com.tr\/?product=preslenmis-plastik-patlayici-c4","og_site_name":"BSR Savunma Sanayi","article_modified_time":"2026-01-27T23:43:48+00:00","og_image":[{"width":900,"height":900,"url":"https:\/\/www.bsrsavunma.com.tr\/wp-content\/uploads\/2026\/01\/c4-2553.jpg","type":"image\/jpeg"}],"twitter_card":"summary_large_image","twitter_misc":{"Tahmini okuma s\u00fcresi":"1 dakika"},"schema":{"@context":"https:\/\/schema.org","@graph":[{"@type":"WebPage","@id":"https:\/\/www.bsrsavunma.com.tr\/?product=preslenmis-plastik-patlayici-c4","url":"https:\/\/www.bsrsavunma.com.tr\/?product=preslenmis-plastik-patlayici-c4","name":"Preslenmi\u015f Plastik Patlay\u0131c\u0131 C4 - BSR Savunma Sanayi","isPartOf":{"@id":"https:\/\/www.bsrsavunma.com.tr\/#website"},"primaryImageOfPage":{"@id":"https:\/\/www.bsrsavunma.com.tr\/?product=preslenmis-plastik-patlayici-c4#primaryimage"},"image":{"@id":"https:\/\/www.bsrsavunma.com.tr\/?product=preslenmis-plastik-patlayici-c4#primaryimage"},"thumbnailUrl":"https:\/\/www.bsrsavunma.com.tr\/wp-content\/uploads\/2026\/01\/c4-2553.jpg","datePublished":"2026-01-17T00:26:25+00:00","dateModified":"2026-01-27T23:43:48+00:00","breadcrumb":{"@id":"https:\/\/www.bsrsavunma.com.tr\/?product=preslenmis-plastik-patlayici-c4#breadcrumb"},"inLanguage":"tr","potentialAction":[{"@type":"ReadAction","target":["https:\/\/www.bsrsavunma.com.tr\/?product=preslenmis-plastik-patlayici-c4"]}]},{"@type":"ImageObject","inLanguage":"tr","@id":"https:\/\/www.bsrsavunma.com.tr\/?product=preslenmis-plastik-patlayici-c4#primaryimage","url":"https:\/\/www.bsrsavunma.com.tr\/wp-content\/uploads\/2026\/01\/c4-2553.jpg","contentUrl":"https:\/\/www.bsrsavunma.com.tr\/wp-content\/uploads\/2026\/01\/c4-2553.jpg","width":900,"height":900},{"@type":"BreadcrumbList","@id":"https:\/\/www.bsrsavunma.com.tr\/?product=preslenmis-plastik-patlayici-c4#breadcrumb","itemListElement":[{"@type":"ListItem","position":1,"name":"Home","item":"https:\/\/www.bsrsavunma.com.tr\/"},{"@type":"ListItem","position":2,"name":"\u00dcr\u00fcnler","item":"https:\/\/www.bsrsavunma.com.tr\/?page_id=9"},{"@type":"ListItem","position":3,"name":"Preslenmi\u015f Plastik Patlay\u0131c\u0131 C4"}]},{"@type":"WebSite","@id":"https:\/\/www.bsrsavunma.com.tr\/#website","url":"https:\/\/www.bsrsavunma.com.tr\/","name":"BSR Savunma Sanayi","description":"","potentialAction":[{"@type":"SearchAction","target":{"@type":"EntryPoint","urlTemplate":"https:\/\/www.bsrsavunma.com.tr\/?s={search_term_string}"},"query-input":{"@type":"PropertyValueSpecification","valueRequired":true,"valueName":"search_term_string"}}],"inLanguage":"tr"}]}},"_links":{"self":[{"href":"https:\/\/www.bsrsavunma.com.tr\/index.php?rest_route=\/wp\/v2\/product\/402","targetHints":{"allow":["GET"]}}],"collection":[{"href":"https:\/\/www.bsrsavunma.com.tr\/index.php?rest_route=\/wp\/v2\/product"}],"about":[{"href":"https:\/\/www.bsrsavunma.com.tr\/index.php?rest_route=\/wp\/v2\/types\/product"}],"replies":[{"embeddable":true,"href":"https:\/\/www.bsrsavunma.com.tr\/index.php?rest_route=%2Fwp%2Fv2%2Fcomments&post=402"}],"wp:featuredmedia":[{"embeddable":true,"href":"https:\/\/www.bsrsavunma.com.tr\/index.php?rest_route=\/wp\/v2\/media\/424"}],"wp:attachment":[{"href":"https:\/\/www.bsrsavunma.com.tr\/index.php?rest_route=%2Fwp%2Fv2%2Fmedia&parent=402"}],"wp:term":[{"taxonomy":"product_brand","embeddable":true,"href":"https:\/\/www.bsrsavunma.com.tr\/index.php?rest_route=%2Fwp%2Fv2%2Fproduct_brand&post=402"},{"taxonomy":"product_cat","embeddable":true,"href":"https:\/\/www.bsrsavunma.com.tr\/index.php?rest_route=%2Fwp%2Fv2%2Fproduct_cat&post=402"},{"taxonomy":"product_tag","embeddable":true,"href":"https:\/\/www.bsrsavunma.com.tr\/index.php?rest_route=%2Fwp%2Fv2%2Fproduct_tag&post=402"}],"curies":[{"name":"wp","href":"https:\/\/api.w.org\/{rel}","templated":true}]}}