{"id":339,"date":"2026-01-21T06:22:59","date_gmt":"2026-01-21T03:22:59","guid":{"rendered":"https:\/\/www.bsrsavunma.com.tr\/?post_type=product&#038;p=339"},"modified":"2026-01-28T02:43:03","modified_gmt":"2026-01-27T23:43:03","slug":"122-mm-roket-20km","status":"publish","type":"product","link":"https:\/\/www.bsrsavunma.com.tr\/?product=122-mm-roket-20km","title":{"rendered":"122 mm Roket 20KM"},"content":{"rendered":"<h2>\u00d6zellikler<\/h2>\n<table>\n<tbody>\n<tr>\n<td>A\u00e7\u0131klama<\/td>\n<td>De\u011fer<\/td>\n<\/tr>\n<tr>\n<td>Toplam A\u011f\u0131rl\u0131k (kg)<\/td>\n<td>67,2\u00a0kg<\/td>\n<\/tr>\n<tr>\n<td>Tapa Dahil Uzunluk (mm)<\/td>\n<td>2881 mm<\/td>\n<\/tr>\n<tr>\n<td>Tapa<\/td>\n<td>MRV-U<\/td>\n<\/tr>\n<tr>\n<td>Yak\u0131t<\/td>\n<td>TNT<\/td>\n<\/tr>\n<tr>\n<td>Menzil (m)<\/td>\n<td>20.000\u00a0m<\/td>\n<\/tr>\n<\/tbody>\n<\/table>\n","protected":false},"excerpt":{"rendered":"<p>122 mm Roket 20KM, a\u00e7\u0131kta ve sahra s\u0131\u011f\u0131naklar\u0131ndaki d\u00fc\u015fman insan g\u00fcc\u00fcne kar\u015f\u0131, d\u00fc\u015fman top\u00e7usuna kar\u015f\u0131 ve yo\u011funla\u015fma alanlar\u0131ndaki z\u0131rhl\u0131 malzemenin imhas\u0131 i\u00e7in kullan\u0131lmak \u00fczere tasarlanm\u0131\u015ft\u0131r.<\/p>\n<p>122 mm Roket 20KM, 122 mm \u00e7oklu roketatar sistemlerinden (T-122 Sakarya, BM21 vb.) kullan\u0131lmak \u00fczere tasarlanm\u0131\u015ft\u0131r, ancak benzer tasar\u0131m ve \u00f6zelliklere sahip herhangi bir e\u015fde\u011fer lan\u00e7erda kullan\u0131labilir.<\/p>\n<p>122 mm Roket 20KM; tapa, roket harp ba\u015fl\u0131\u011f\u0131, roket motoru ve kuyruk \u00fcnitesinden olu\u015fmaktad\u0131r.<\/p>\n","protected":false},"featured_media":340,"comment_status":"closed","ping_status":"closed","template":"","meta":[],"product_brand":[],"product_cat":[15],"product_tag":[],"class_list":{"0":"post-339","1":"product","2":"type-product","3":"status-publish","4":"has-post-thumbnail","6":"product_cat-urunler","8":"first","9":"instock","10":"shipping-taxable","11":"product-type-simple"},"yoast_head":"<!-- This site is optimized with the Yoast SEO plugin v26.8 - https:\/\/yoast.com\/product\/yoast-seo-wordpress\/ -->\n<title>122 mm Roket 20KM - BSR Savunma Sanayi<\/title>\n<meta name=\"robots\" content=\"index, follow, max-snippet:-1, max-image-preview:large, max-video-preview:-1\" \/>\n<link rel=\"canonical\" href=\"https:\/\/www.bsrsavunma.com.tr\/?product=122-mm-roket-20km\" \/>\n<meta property=\"og:locale\" content=\"tr_TR\" \/>\n<meta property=\"og:type\" content=\"article\" \/>\n<meta property=\"og:title\" content=\"122 mm Roket 20KM - BSR Savunma Sanayi\" \/>\n<meta property=\"og:description\" content=\"122 mm Roket 20KM, a\u00e7\u0131kta ve sahra s\u0131\u011f\u0131naklar\u0131ndaki d\u00fc\u015fman insan g\u00fcc\u00fcne kar\u015f\u0131, d\u00fc\u015fman top\u00e7usuna kar\u015f\u0131 ve yo\u011funla\u015fma alanlar\u0131ndaki z\u0131rhl\u0131 malzemenin imhas\u0131 i\u00e7in kullan\u0131lmak \u00fczere tasarlanm\u0131\u015ft\u0131r.  122 mm Roket 20KM, 122 mm \u00e7oklu roketatar sistemlerinden (T-122 Sakarya, BM21 vb.) kullan\u0131lmak \u00fczere tasarlanm\u0131\u015ft\u0131r, ancak benzer tasar\u0131m ve \u00f6zelliklere sahip herhangi bir e\u015fde\u011fer lan\u00e7erda kullan\u0131labilir.  122 mm Roket 20KM; tapa, roket harp ba\u015fl\u0131\u011f\u0131, roket motoru ve kuyruk \u00fcnitesinden olu\u015fmaktad\u0131r.\" \/>\n<meta property=\"og:url\" content=\"https:\/\/www.bsrsavunma.com.tr\/?product=122-mm-roket-20km\" \/>\n<meta property=\"og:site_name\" content=\"BSR Savunma Sanayi\" \/>\n<meta property=\"article:modified_time\" content=\"2026-01-27T23:43:03+00:00\" \/>\n<meta property=\"og:image\" content=\"https:\/\/www.bsrsavunma.com.tr\/wp-content\/uploads\/2026\/01\/122r-1.jpg\" \/>\n\t<meta property=\"og:image:width\" content=\"900\" \/>\n\t<meta property=\"og:image:height\" content=\"900\" \/>\n\t<meta property=\"og:image:type\" content=\"image\/jpeg\" \/>\n<meta name=\"twitter:card\" content=\"summary_large_image\" \/>\n<meta name=\"twitter:label1\" content=\"Tahmini okuma s\u00fcresi\" \/>\n\t<meta name=\"twitter:data1\" content=\"1 dakika\" \/>\n<script type=\"application\/ld+json\" class=\"yoast-schema-graph\">{\"@context\":\"https:\/\/schema.org\",\"@graph\":[{\"@type\":\"WebPage\",\"@id\":\"https:\/\/www.bsrsavunma.com.tr\/?product=122-mm-roket-20km\",\"url\":\"https:\/\/www.bsrsavunma.com.tr\/?product=122-mm-roket-20km\",\"name\":\"122 mm Roket 20KM - BSR Savunma Sanayi\",\"isPartOf\":{\"@id\":\"https:\/\/www.bsrsavunma.com.tr\/#website\"},\"primaryImageOfPage\":{\"@id\":\"https:\/\/www.bsrsavunma.com.tr\/?product=122-mm-roket-20km#primaryimage\"},\"image\":{\"@id\":\"https:\/\/www.bsrsavunma.com.tr\/?product=122-mm-roket-20km#primaryimage\"},\"thumbnailUrl\":\"https:\/\/www.bsrsavunma.com.tr\/wp-content\/uploads\/2026\/01\/122r-1.jpg\",\"datePublished\":\"2026-01-21T03:22:59+00:00\",\"dateModified\":\"2026-01-27T23:43:03+00:00\",\"breadcrumb\":{\"@id\":\"https:\/\/www.bsrsavunma.com.tr\/?product=122-mm-roket-20km#breadcrumb\"},\"inLanguage\":\"tr\",\"potentialAction\":[{\"@type\":\"ReadAction\",\"target\":[\"https:\/\/www.bsrsavunma.com.tr\/?product=122-mm-roket-20km\"]}]},{\"@type\":\"ImageObject\",\"inLanguage\":\"tr\",\"@id\":\"https:\/\/www.bsrsavunma.com.tr\/?product=122-mm-roket-20km#primaryimage\",\"url\":\"https:\/\/www.bsrsavunma.com.tr\/wp-content\/uploads\/2026\/01\/122r-1.jpg\",\"contentUrl\":\"https:\/\/www.bsrsavunma.com.tr\/wp-content\/uploads\/2026\/01\/122r-1.jpg\",\"width\":900,\"height\":900},{\"@type\":\"BreadcrumbList\",\"@id\":\"https:\/\/www.bsrsavunma.com.tr\/?product=122-mm-roket-20km#breadcrumb\",\"itemListElement\":[{\"@type\":\"ListItem\",\"position\":1,\"name\":\"Home\",\"item\":\"https:\/\/www.bsrsavunma.com.tr\/\"},{\"@type\":\"ListItem\",\"position\":2,\"name\":\"\u00dcr\u00fcnler\",\"item\":\"https:\/\/www.bsrsavunma.com.tr\/?page_id=9\"},{\"@type\":\"ListItem\",\"position\":3,\"name\":\"122 mm Roket 20KM\"}]},{\"@type\":\"WebSite\",\"@id\":\"https:\/\/www.bsrsavunma.com.tr\/#website\",\"url\":\"https:\/\/www.bsrsavunma.com.tr\/\",\"name\":\"BSR Savunma Sanayi\",\"description\":\"\",\"potentialAction\":[{\"@type\":\"SearchAction\",\"target\":{\"@type\":\"EntryPoint\",\"urlTemplate\":\"https:\/\/www.bsrsavunma.com.tr\/?s={search_term_string}\"},\"query-input\":{\"@type\":\"PropertyValueSpecification\",\"valueRequired\":true,\"valueName\":\"search_term_string\"}}],\"inLanguage\":\"tr\"}]}<\/script>\n<!-- \/ Yoast SEO plugin. -->","yoast_head_json":{"title":"122 mm Roket 20KM - BSR Savunma Sanayi","robots":{"index":"index","follow":"follow","max-snippet":"max-snippet:-1","max-image-preview":"max-image-preview:large","max-video-preview":"max-video-preview:-1"},"canonical":"https:\/\/www.bsrsavunma.com.tr\/?product=122-mm-roket-20km","og_locale":"tr_TR","og_type":"article","og_title":"122 mm Roket 20KM - BSR Savunma Sanayi","og_description":"122 mm Roket 20KM, a\u00e7\u0131kta ve sahra s\u0131\u011f\u0131naklar\u0131ndaki d\u00fc\u015fman insan g\u00fcc\u00fcne kar\u015f\u0131, d\u00fc\u015fman top\u00e7usuna kar\u015f\u0131 ve yo\u011funla\u015fma alanlar\u0131ndaki z\u0131rhl\u0131 malzemenin imhas\u0131 i\u00e7in kullan\u0131lmak \u00fczere tasarlanm\u0131\u015ft\u0131r.  122 mm Roket 20KM, 122 mm \u00e7oklu roketatar sistemlerinden (T-122 Sakarya, BM21 vb.) kullan\u0131lmak \u00fczere tasarlanm\u0131\u015ft\u0131r, ancak benzer tasar\u0131m ve \u00f6zelliklere sahip herhangi bir e\u015fde\u011fer lan\u00e7erda kullan\u0131labilir.  122 mm Roket 20KM; tapa, roket harp ba\u015fl\u0131\u011f\u0131, roket motoru ve kuyruk \u00fcnitesinden olu\u015fmaktad\u0131r.","og_url":"https:\/\/www.bsrsavunma.com.tr\/?product=122-mm-roket-20km","og_site_name":"BSR Savunma Sanayi","article_modified_time":"2026-01-27T23:43:03+00:00","og_image":[{"width":900,"height":900,"url":"https:\/\/www.bsrsavunma.com.tr\/wp-content\/uploads\/2026\/01\/122r-1.jpg","type":"image\/jpeg"}],"twitter_card":"summary_large_image","twitter_misc":{"Tahmini okuma s\u00fcresi":"1 dakika"},"schema":{"@context":"https:\/\/schema.org","@graph":[{"@type":"WebPage","@id":"https:\/\/www.bsrsavunma.com.tr\/?product=122-mm-roket-20km","url":"https:\/\/www.bsrsavunma.com.tr\/?product=122-mm-roket-20km","name":"122 mm Roket 20KM - BSR Savunma Sanayi","isPartOf":{"@id":"https:\/\/www.bsrsavunma.com.tr\/#website"},"primaryImageOfPage":{"@id":"https:\/\/www.bsrsavunma.com.tr\/?product=122-mm-roket-20km#primaryimage"},"image":{"@id":"https:\/\/www.bsrsavunma.com.tr\/?product=122-mm-roket-20km#primaryimage"},"thumbnailUrl":"https:\/\/www.bsrsavunma.com.tr\/wp-content\/uploads\/2026\/01\/122r-1.jpg","datePublished":"2026-01-21T03:22:59+00:00","dateModified":"2026-01-27T23:43:03+00:00","breadcrumb":{"@id":"https:\/\/www.bsrsavunma.com.tr\/?product=122-mm-roket-20km#breadcrumb"},"inLanguage":"tr","potentialAction":[{"@type":"ReadAction","target":["https:\/\/www.bsrsavunma.com.tr\/?product=122-mm-roket-20km"]}]},{"@type":"ImageObject","inLanguage":"tr","@id":"https:\/\/www.bsrsavunma.com.tr\/?product=122-mm-roket-20km#primaryimage","url":"https:\/\/www.bsrsavunma.com.tr\/wp-content\/uploads\/2026\/01\/122r-1.jpg","contentUrl":"https:\/\/www.bsrsavunma.com.tr\/wp-content\/uploads\/2026\/01\/122r-1.jpg","width":900,"height":900},{"@type":"BreadcrumbList","@id":"https:\/\/www.bsrsavunma.com.tr\/?product=122-mm-roket-20km#breadcrumb","itemListElement":[{"@type":"ListItem","position":1,"name":"Home","item":"https:\/\/www.bsrsavunma.com.tr\/"},{"@type":"ListItem","position":2,"name":"\u00dcr\u00fcnler","item":"https:\/\/www.bsrsavunma.com.tr\/?page_id=9"},{"@type":"ListItem","position":3,"name":"122 mm Roket 20KM"}]},{"@type":"WebSite","@id":"https:\/\/www.bsrsavunma.com.tr\/#website","url":"https:\/\/www.bsrsavunma.com.tr\/","name":"BSR Savunma Sanayi","description":"","potentialAction":[{"@type":"SearchAction","target":{"@type":"EntryPoint","urlTemplate":"https:\/\/www.bsrsavunma.com.tr\/?s={search_term_string}"},"query-input":{"@type":"PropertyValueSpecification","valueRequired":true,"valueName":"search_term_string"}}],"inLanguage":"tr"}]}},"_links":{"self":[{"href":"https:\/\/www.bsrsavunma.com.tr\/index.php?rest_route=\/wp\/v2\/product\/339","targetHints":{"allow":["GET"]}}],"collection":[{"href":"https:\/\/www.bsrsavunma.com.tr\/index.php?rest_route=\/wp\/v2\/product"}],"about":[{"href":"https:\/\/www.bsrsavunma.com.tr\/index.php?rest_route=\/wp\/v2\/types\/product"}],"replies":[{"embeddable":true,"href":"https:\/\/www.bsrsavunma.com.tr\/index.php?rest_route=%2Fwp%2Fv2%2Fcomments&post=339"}],"wp:featuredmedia":[{"embeddable":true,"href":"https:\/\/www.bsrsavunma.com.tr\/index.php?rest_route=\/wp\/v2\/media\/340"}],"wp:attachment":[{"href":"https:\/\/www.bsrsavunma.com.tr\/index.php?rest_route=%2Fwp%2Fv2%2Fmedia&parent=339"}],"wp:term":[{"taxonomy":"product_brand","embeddable":true,"href":"https:\/\/www.bsrsavunma.com.tr\/index.php?rest_route=%2Fwp%2Fv2%2Fproduct_brand&post=339"},{"taxonomy":"product_cat","embeddable":true,"href":"https:\/\/www.bsrsavunma.com.tr\/index.php?rest_route=%2Fwp%2Fv2%2Fproduct_cat&post=339"},{"taxonomy":"product_tag","embeddable":true,"href":"https:\/\/www.bsrsavunma.com.tr\/index.php?rest_route=%2Fwp%2Fv2%2Fproduct_tag&post=339"}],"curies":[{"name":"wp","href":"https:\/\/api.w.org\/{rel}","templated":true}]}}