{"id":337,"date":"2026-01-22T06:21:09","date_gmt":"2026-01-22T03:21:09","guid":{"rendered":"https:\/\/www.bsrsavunma.com.tr\/?post_type=product&#038;p=337"},"modified":"2026-01-28T02:42:55","modified_gmt":"2026-01-27T23:42:55","slug":"60-mm-yuksek-infilakli-havan-muhimmati","status":"publish","type":"product","link":"https:\/\/www.bsrsavunma.com.tr\/?product=60-mm-yuksek-infilakli-havan-muhimmati","title":{"rendered":"60 mm Y\u00fcksek \u0130nfilakl\u0131 Havan M\u00fchimmat\u0131"},"content":{"rendered":"<table>\n<tbody>\n<tr>\n<td>A\u00e7\u0131klama<\/td>\n<td>De\u011fer<\/td>\n<\/tr>\n<tr>\n<td>Toplam A\u011f\u0131rl\u0131k (kg)<\/td>\n<td>1,421\u00a0kg<\/td>\n<\/tr>\n<tr>\n<td>Tapa Dahil Uzunluk (mm)<\/td>\n<td>243\u00a0mm<\/td>\n<\/tr>\n<tr>\n<td>Tapa<\/td>\n<td>PD<\/td>\n<\/tr>\n<tr>\n<td>Yak\u0131t<\/td>\n<td>TNT<\/td>\n<\/tr>\n<tr>\n<td>Menzil (m)<\/td>\n<td>1.500 m<\/td>\n<\/tr>\n<tr>\n<td>\u0130lk H\u0131z<\/td>\n<td>158 m\/s<\/td>\n<\/tr>\n<\/tbody>\n<\/table>\n","protected":false},"excerpt":{"rendered":"<p>60mm havan toplar\u0131 genellikle kara gruplar\u0131n\u0131n yak\u0131n destekleri i\u00e7in kullan\u0131l\u0131r. En iyi par\u00e7alanma ve patlama etkilerini elde etmek i\u00e7in tasarlanm\u0131\u015ft\u0131r, bu da onu en \u00fcst d\u00fczeyde etkili bir m\u00fchimmat haline getirir. D\u00fc\u015fman insan g\u00fcc\u00fcn\u00fcn yan\u0131 s\u0131ra z\u0131rhs\u0131z ula\u015f\u0131m ara\u00e7lar\u0131n\u0131 imha etmek i\u00e7in kullan\u0131l\u0131r.<\/p>\n","protected":false},"featured_media":338,"comment_status":"closed","ping_status":"closed","template":"","meta":[],"product_brand":[],"product_cat":[15],"product_tag":[],"class_list":{"0":"post-337","1":"product","2":"type-product","3":"status-publish","4":"has-post-thumbnail","6":"product_cat-urunler","8":"first","9":"instock","10":"shipping-taxable","11":"product-type-simple"},"yoast_head":"<!-- This site is optimized with the Yoast SEO plugin v26.8 - https:\/\/yoast.com\/product\/yoast-seo-wordpress\/ -->\n<title>60 mm Y\u00fcksek \u0130nfilakl\u0131 Havan M\u00fchimmat\u0131 - BSR Savunma Sanayi<\/title>\n<meta name=\"robots\" content=\"index, follow, max-snippet:-1, max-image-preview:large, max-video-preview:-1\" \/>\n<link rel=\"canonical\" href=\"https:\/\/www.bsrsavunma.com.tr\/?product=60-mm-yuksek-infilakli-havan-muhimmati\" \/>\n<meta property=\"og:locale\" content=\"tr_TR\" \/>\n<meta property=\"og:type\" content=\"article\" \/>\n<meta property=\"og:title\" content=\"60 mm Y\u00fcksek \u0130nfilakl\u0131 Havan M\u00fchimmat\u0131 - BSR Savunma Sanayi\" \/>\n<meta property=\"og:description\" content=\"60mm havan toplar\u0131 genellikle kara gruplar\u0131n\u0131n yak\u0131n destekleri i\u00e7in kullan\u0131l\u0131r. En iyi par\u00e7alanma ve patlama etkilerini elde etmek i\u00e7in tasarlanm\u0131\u015ft\u0131r, bu da onu en \u00fcst d\u00fczeyde etkili bir m\u00fchimmat haline getirir. D\u00fc\u015fman insan g\u00fcc\u00fcn\u00fcn yan\u0131 s\u0131ra z\u0131rhs\u0131z ula\u015f\u0131m ara\u00e7lar\u0131n\u0131 imha etmek i\u00e7in kullan\u0131l\u0131r.\" \/>\n<meta property=\"og:url\" content=\"https:\/\/www.bsrsavunma.com.tr\/?product=60-mm-yuksek-infilakli-havan-muhimmati\" \/>\n<meta property=\"og:site_name\" content=\"BSR Savunma Sanayi\" \/>\n<meta property=\"article:modified_time\" content=\"2026-01-27T23:42:55+00:00\" \/>\n<meta property=\"og:image\" content=\"https:\/\/www.bsrsavunma.com.tr\/wp-content\/uploads\/2026\/01\/60-1.jpg\" \/>\n\t<meta property=\"og:image:width\" content=\"900\" \/>\n\t<meta property=\"og:image:height\" content=\"900\" \/>\n\t<meta property=\"og:image:type\" content=\"image\/jpeg\" \/>\n<meta name=\"twitter:card\" content=\"summary_large_image\" \/>\n<meta name=\"twitter:label1\" content=\"Tahmini okuma s\u00fcresi\" \/>\n\t<meta name=\"twitter:data1\" content=\"1 dakika\" \/>\n<script type=\"application\/ld+json\" class=\"yoast-schema-graph\">{\"@context\":\"https:\/\/schema.org\",\"@graph\":[{\"@type\":\"WebPage\",\"@id\":\"https:\/\/www.bsrsavunma.com.tr\/?product=60-mm-yuksek-infilakli-havan-muhimmati\",\"url\":\"https:\/\/www.bsrsavunma.com.tr\/?product=60-mm-yuksek-infilakli-havan-muhimmati\",\"name\":\"60 mm Y\u00fcksek \u0130nfilakl\u0131 Havan M\u00fchimmat\u0131 - BSR Savunma Sanayi\",\"isPartOf\":{\"@id\":\"https:\/\/www.bsrsavunma.com.tr\/#website\"},\"primaryImageOfPage\":{\"@id\":\"https:\/\/www.bsrsavunma.com.tr\/?product=60-mm-yuksek-infilakli-havan-muhimmati#primaryimage\"},\"image\":{\"@id\":\"https:\/\/www.bsrsavunma.com.tr\/?product=60-mm-yuksek-infilakli-havan-muhimmati#primaryimage\"},\"thumbnailUrl\":\"https:\/\/www.bsrsavunma.com.tr\/wp-content\/uploads\/2026\/01\/60-1.jpg\",\"datePublished\":\"2026-01-22T03:21:09+00:00\",\"dateModified\":\"2026-01-27T23:42:55+00:00\",\"breadcrumb\":{\"@id\":\"https:\/\/www.bsrsavunma.com.tr\/?product=60-mm-yuksek-infilakli-havan-muhimmati#breadcrumb\"},\"inLanguage\":\"tr\",\"potentialAction\":[{\"@type\":\"ReadAction\",\"target\":[\"https:\/\/www.bsrsavunma.com.tr\/?product=60-mm-yuksek-infilakli-havan-muhimmati\"]}]},{\"@type\":\"ImageObject\",\"inLanguage\":\"tr\",\"@id\":\"https:\/\/www.bsrsavunma.com.tr\/?product=60-mm-yuksek-infilakli-havan-muhimmati#primaryimage\",\"url\":\"https:\/\/www.bsrsavunma.com.tr\/wp-content\/uploads\/2026\/01\/60-1.jpg\",\"contentUrl\":\"https:\/\/www.bsrsavunma.com.tr\/wp-content\/uploads\/2026\/01\/60-1.jpg\",\"width\":900,\"height\":900},{\"@type\":\"BreadcrumbList\",\"@id\":\"https:\/\/www.bsrsavunma.com.tr\/?product=60-mm-yuksek-infilakli-havan-muhimmati#breadcrumb\",\"itemListElement\":[{\"@type\":\"ListItem\",\"position\":1,\"name\":\"Home\",\"item\":\"https:\/\/www.bsrsavunma.com.tr\/\"},{\"@type\":\"ListItem\",\"position\":2,\"name\":\"\u00dcr\u00fcnler\",\"item\":\"https:\/\/www.bsrsavunma.com.tr\/?page_id=9\"},{\"@type\":\"ListItem\",\"position\":3,\"name\":\"60 mm Y\u00fcksek \u0130nfilakl\u0131 Havan M\u00fchimmat\u0131\"}]},{\"@type\":\"WebSite\",\"@id\":\"https:\/\/www.bsrsavunma.com.tr\/#website\",\"url\":\"https:\/\/www.bsrsavunma.com.tr\/\",\"name\":\"BSR Savunma Sanayi\",\"description\":\"\",\"potentialAction\":[{\"@type\":\"SearchAction\",\"target\":{\"@type\":\"EntryPoint\",\"urlTemplate\":\"https:\/\/www.bsrsavunma.com.tr\/?s={search_term_string}\"},\"query-input\":{\"@type\":\"PropertyValueSpecification\",\"valueRequired\":true,\"valueName\":\"search_term_string\"}}],\"inLanguage\":\"tr\"}]}<\/script>\n<!-- \/ Yoast SEO plugin. -->","yoast_head_json":{"title":"60 mm Y\u00fcksek \u0130nfilakl\u0131 Havan M\u00fchimmat\u0131 - BSR Savunma Sanayi","robots":{"index":"index","follow":"follow","max-snippet":"max-snippet:-1","max-image-preview":"max-image-preview:large","max-video-preview":"max-video-preview:-1"},"canonical":"https:\/\/www.bsrsavunma.com.tr\/?product=60-mm-yuksek-infilakli-havan-muhimmati","og_locale":"tr_TR","og_type":"article","og_title":"60 mm Y\u00fcksek \u0130nfilakl\u0131 Havan M\u00fchimmat\u0131 - BSR Savunma Sanayi","og_description":"60mm havan toplar\u0131 genellikle kara gruplar\u0131n\u0131n yak\u0131n destekleri i\u00e7in kullan\u0131l\u0131r. En iyi par\u00e7alanma ve patlama etkilerini elde etmek i\u00e7in tasarlanm\u0131\u015ft\u0131r, bu da onu en \u00fcst d\u00fczeyde etkili bir m\u00fchimmat haline getirir. D\u00fc\u015fman insan g\u00fcc\u00fcn\u00fcn yan\u0131 s\u0131ra z\u0131rhs\u0131z ula\u015f\u0131m ara\u00e7lar\u0131n\u0131 imha etmek i\u00e7in kullan\u0131l\u0131r.","og_url":"https:\/\/www.bsrsavunma.com.tr\/?product=60-mm-yuksek-infilakli-havan-muhimmati","og_site_name":"BSR Savunma Sanayi","article_modified_time":"2026-01-27T23:42:55+00:00","og_image":[{"width":900,"height":900,"url":"https:\/\/www.bsrsavunma.com.tr\/wp-content\/uploads\/2026\/01\/60-1.jpg","type":"image\/jpeg"}],"twitter_card":"summary_large_image","twitter_misc":{"Tahmini okuma s\u00fcresi":"1 dakika"},"schema":{"@context":"https:\/\/schema.org","@graph":[{"@type":"WebPage","@id":"https:\/\/www.bsrsavunma.com.tr\/?product=60-mm-yuksek-infilakli-havan-muhimmati","url":"https:\/\/www.bsrsavunma.com.tr\/?product=60-mm-yuksek-infilakli-havan-muhimmati","name":"60 mm Y\u00fcksek \u0130nfilakl\u0131 Havan M\u00fchimmat\u0131 - BSR Savunma Sanayi","isPartOf":{"@id":"https:\/\/www.bsrsavunma.com.tr\/#website"},"primaryImageOfPage":{"@id":"https:\/\/www.bsrsavunma.com.tr\/?product=60-mm-yuksek-infilakli-havan-muhimmati#primaryimage"},"image":{"@id":"https:\/\/www.bsrsavunma.com.tr\/?product=60-mm-yuksek-infilakli-havan-muhimmati#primaryimage"},"thumbnailUrl":"https:\/\/www.bsrsavunma.com.tr\/wp-content\/uploads\/2026\/01\/60-1.jpg","datePublished":"2026-01-22T03:21:09+00:00","dateModified":"2026-01-27T23:42:55+00:00","breadcrumb":{"@id":"https:\/\/www.bsrsavunma.com.tr\/?product=60-mm-yuksek-infilakli-havan-muhimmati#breadcrumb"},"inLanguage":"tr","potentialAction":[{"@type":"ReadAction","target":["https:\/\/www.bsrsavunma.com.tr\/?product=60-mm-yuksek-infilakli-havan-muhimmati"]}]},{"@type":"ImageObject","inLanguage":"tr","@id":"https:\/\/www.bsrsavunma.com.tr\/?product=60-mm-yuksek-infilakli-havan-muhimmati#primaryimage","url":"https:\/\/www.bsrsavunma.com.tr\/wp-content\/uploads\/2026\/01\/60-1.jpg","contentUrl":"https:\/\/www.bsrsavunma.com.tr\/wp-content\/uploads\/2026\/01\/60-1.jpg","width":900,"height":900},{"@type":"BreadcrumbList","@id":"https:\/\/www.bsrsavunma.com.tr\/?product=60-mm-yuksek-infilakli-havan-muhimmati#breadcrumb","itemListElement":[{"@type":"ListItem","position":1,"name":"Home","item":"https:\/\/www.bsrsavunma.com.tr\/"},{"@type":"ListItem","position":2,"name":"\u00dcr\u00fcnler","item":"https:\/\/www.bsrsavunma.com.tr\/?page_id=9"},{"@type":"ListItem","position":3,"name":"60 mm Y\u00fcksek \u0130nfilakl\u0131 Havan M\u00fchimmat\u0131"}]},{"@type":"WebSite","@id":"https:\/\/www.bsrsavunma.com.tr\/#website","url":"https:\/\/www.bsrsavunma.com.tr\/","name":"BSR Savunma Sanayi","description":"","potentialAction":[{"@type":"SearchAction","target":{"@type":"EntryPoint","urlTemplate":"https:\/\/www.bsrsavunma.com.tr\/?s={search_term_string}"},"query-input":{"@type":"PropertyValueSpecification","valueRequired":true,"valueName":"search_term_string"}}],"inLanguage":"tr"}]}},"_links":{"self":[{"href":"https:\/\/www.bsrsavunma.com.tr\/index.php?rest_route=\/wp\/v2\/product\/337","targetHints":{"allow":["GET"]}}],"collection":[{"href":"https:\/\/www.bsrsavunma.com.tr\/index.php?rest_route=\/wp\/v2\/product"}],"about":[{"href":"https:\/\/www.bsrsavunma.com.tr\/index.php?rest_route=\/wp\/v2\/types\/product"}],"replies":[{"embeddable":true,"href":"https:\/\/www.bsrsavunma.com.tr\/index.php?rest_route=%2Fwp%2Fv2%2Fcomments&post=337"}],"wp:featuredmedia":[{"embeddable":true,"href":"https:\/\/www.bsrsavunma.com.tr\/index.php?rest_route=\/wp\/v2\/media\/338"}],"wp:attachment":[{"href":"https:\/\/www.bsrsavunma.com.tr\/index.php?rest_route=%2Fwp%2Fv2%2Fmedia&parent=337"}],"wp:term":[{"taxonomy":"product_brand","embeddable":true,"href":"https:\/\/www.bsrsavunma.com.tr\/index.php?rest_route=%2Fwp%2Fv2%2Fproduct_brand&post=337"},{"taxonomy":"product_cat","embeddable":true,"href":"https:\/\/www.bsrsavunma.com.tr\/index.php?rest_route=%2Fwp%2Fv2%2Fproduct_cat&post=337"},{"taxonomy":"product_tag","embeddable":true,"href":"https:\/\/www.bsrsavunma.com.tr\/index.php?rest_route=%2Fwp%2Fv2%2Fproduct_tag&post=337"}],"curies":[{"name":"wp","href":"https:\/\/api.w.org\/{rel}","templated":true}]}}