{"id":333,"date":"2026-01-24T06:13:41","date_gmt":"2026-01-24T03:13:41","guid":{"rendered":"https:\/\/www.bsrsavunma.com.tr\/?post_type=product&#038;p=333"},"modified":"2026-01-28T02:42:37","modified_gmt":"2026-01-27T23:42:37","slug":"120-mm-yuksek-infilakli-havan-muhimmati","status":"publish","type":"product","link":"https:\/\/www.bsrsavunma.com.tr\/?product=120-mm-yuksek-infilakli-havan-muhimmati","title":{"rendered":"120 mm Y\u00fcksek \u0130nfilakl\u0131 Havan M\u00fchimmat\u0131"},"content":{"rendered":"<h2>\u00d6zellikler<\/h2>\n<table>\n<tbody>\n<tr>\n<td>A\u00e7\u0131klama<\/td>\n<td>De\u011fer<\/td>\n<\/tr>\n<tr>\n<td>Toplam A\u011f\u0131rl\u0131k (kg)<\/td>\n<td>16\u00a0kg<\/td>\n<\/tr>\n<tr>\n<td>Tapa Dahil Uzunluk (mm)<\/td>\n<td>737 mm<\/td>\n<\/tr>\n<tr>\n<td>Tapa<\/td>\n<td>PD<\/td>\n<\/tr>\n<tr>\n<td>Yak\u0131t<\/td>\n<td>TNT<\/td>\n<\/tr>\n<tr>\n<td>Menzil (m)<\/td>\n<td>6.400 m<\/td>\n<\/tr>\n<tr>\n<td>\u0130lk H\u0131z<\/td>\n<td>365 m\/s<\/td>\n<\/tr>\n<\/tbody>\n<\/table>\n","protected":false},"excerpt":{"rendered":"<p>120 mm Y\u00fcksek \u0130nfilakl\u0131 Havan M\u00fchimmat\u0131\u00a0a\u00e7\u0131kta veya hafif siper alt\u0131ndaki d\u00fc\u015fman birliklerine kar\u015f\u0131 kullan\u0131lmak \u00fczere tasarlanm\u0131\u015ft\u0131r.<\/p>\n<p>120 mm Y\u00fcksek \u0130nfilakl\u0131 Havan M\u00fchimmat\u0131 herhangi bir 120 mm d\u00fcz delikli NATO standard\u0131 havan topundan f\u0131rlat\u0131lmak \u00fczere tasarlanm\u0131\u015ft\u0131r.<\/p>\n","protected":false},"featured_media":334,"comment_status":"closed","ping_status":"closed","template":"","meta":[],"product_brand":[],"product_cat":[15],"product_tag":[],"class_list":{"0":"post-333","1":"product","2":"type-product","3":"status-publish","4":"has-post-thumbnail","6":"product_cat-urunler","8":"first","9":"instock","10":"shipping-taxable","11":"product-type-simple"},"yoast_head":"<!-- This site is optimized with the Yoast SEO plugin v26.8 - https:\/\/yoast.com\/product\/yoast-seo-wordpress\/ -->\n<title>120 mm Y\u00fcksek \u0130nfilakl\u0131 Havan M\u00fchimmat\u0131 - BSR Savunma Sanayi<\/title>\n<meta name=\"robots\" content=\"index, follow, max-snippet:-1, max-image-preview:large, max-video-preview:-1\" \/>\n<link rel=\"canonical\" href=\"https:\/\/www.bsrsavunma.com.tr\/?product=120-mm-yuksek-infilakli-havan-muhimmati\" \/>\n<meta property=\"og:locale\" content=\"tr_TR\" \/>\n<meta property=\"og:type\" content=\"article\" \/>\n<meta property=\"og:title\" content=\"120 mm Y\u00fcksek \u0130nfilakl\u0131 Havan M\u00fchimmat\u0131 - BSR Savunma Sanayi\" \/>\n<meta property=\"og:description\" content=\"120 mm Y\u00fcksek \u0130nfilakl\u0131 Havan M\u00fchimmat\u0131\u00a0a\u00e7\u0131kta veya hafif siper alt\u0131ndaki d\u00fc\u015fman birliklerine kar\u015f\u0131 kullan\u0131lmak \u00fczere tasarlanm\u0131\u015ft\u0131r.  120 mm Y\u00fcksek \u0130nfilakl\u0131 Havan M\u00fchimmat\u0131 herhangi bir 120 mm d\u00fcz delikli NATO standard\u0131 havan topundan f\u0131rlat\u0131lmak \u00fczere tasarlanm\u0131\u015ft\u0131r.\" \/>\n<meta property=\"og:url\" content=\"https:\/\/www.bsrsavunma.com.tr\/?product=120-mm-yuksek-infilakli-havan-muhimmati\" \/>\n<meta property=\"og:site_name\" content=\"BSR Savunma Sanayi\" \/>\n<meta property=\"article:modified_time\" content=\"2026-01-27T23:42:37+00:00\" \/>\n<meta property=\"og:image\" content=\"https:\/\/www.bsrsavunma.com.tr\/wp-content\/uploads\/2026\/01\/120-1.jpg\" \/>\n\t<meta property=\"og:image:width\" content=\"900\" \/>\n\t<meta property=\"og:image:height\" content=\"900\" \/>\n\t<meta property=\"og:image:type\" content=\"image\/jpeg\" \/>\n<meta name=\"twitter:card\" content=\"summary_large_image\" \/>\n<meta name=\"twitter:label1\" content=\"Tahmini okuma s\u00fcresi\" \/>\n\t<meta name=\"twitter:data1\" content=\"1 dakika\" \/>\n<script type=\"application\/ld+json\" class=\"yoast-schema-graph\">{\"@context\":\"https:\/\/schema.org\",\"@graph\":[{\"@type\":\"WebPage\",\"@id\":\"https:\/\/www.bsrsavunma.com.tr\/?product=120-mm-yuksek-infilakli-havan-muhimmati\",\"url\":\"https:\/\/www.bsrsavunma.com.tr\/?product=120-mm-yuksek-infilakli-havan-muhimmati\",\"name\":\"120 mm Y\u00fcksek \u0130nfilakl\u0131 Havan M\u00fchimmat\u0131 - BSR Savunma Sanayi\",\"isPartOf\":{\"@id\":\"https:\/\/www.bsrsavunma.com.tr\/#website\"},\"primaryImageOfPage\":{\"@id\":\"https:\/\/www.bsrsavunma.com.tr\/?product=120-mm-yuksek-infilakli-havan-muhimmati#primaryimage\"},\"image\":{\"@id\":\"https:\/\/www.bsrsavunma.com.tr\/?product=120-mm-yuksek-infilakli-havan-muhimmati#primaryimage\"},\"thumbnailUrl\":\"https:\/\/www.bsrsavunma.com.tr\/wp-content\/uploads\/2026\/01\/120-1.jpg\",\"datePublished\":\"2026-01-24T03:13:41+00:00\",\"dateModified\":\"2026-01-27T23:42:37+00:00\",\"breadcrumb\":{\"@id\":\"https:\/\/www.bsrsavunma.com.tr\/?product=120-mm-yuksek-infilakli-havan-muhimmati#breadcrumb\"},\"inLanguage\":\"tr\",\"potentialAction\":[{\"@type\":\"ReadAction\",\"target\":[\"https:\/\/www.bsrsavunma.com.tr\/?product=120-mm-yuksek-infilakli-havan-muhimmati\"]}]},{\"@type\":\"ImageObject\",\"inLanguage\":\"tr\",\"@id\":\"https:\/\/www.bsrsavunma.com.tr\/?product=120-mm-yuksek-infilakli-havan-muhimmati#primaryimage\",\"url\":\"https:\/\/www.bsrsavunma.com.tr\/wp-content\/uploads\/2026\/01\/120-1.jpg\",\"contentUrl\":\"https:\/\/www.bsrsavunma.com.tr\/wp-content\/uploads\/2026\/01\/120-1.jpg\",\"width\":900,\"height\":900},{\"@type\":\"BreadcrumbList\",\"@id\":\"https:\/\/www.bsrsavunma.com.tr\/?product=120-mm-yuksek-infilakli-havan-muhimmati#breadcrumb\",\"itemListElement\":[{\"@type\":\"ListItem\",\"position\":1,\"name\":\"Home\",\"item\":\"https:\/\/www.bsrsavunma.com.tr\/\"},{\"@type\":\"ListItem\",\"position\":2,\"name\":\"\u00dcr\u00fcnler\",\"item\":\"https:\/\/www.bsrsavunma.com.tr\/?page_id=9\"},{\"@type\":\"ListItem\",\"position\":3,\"name\":\"120 mm Y\u00fcksek \u0130nfilakl\u0131 Havan M\u00fchimmat\u0131\"}]},{\"@type\":\"WebSite\",\"@id\":\"https:\/\/www.bsrsavunma.com.tr\/#website\",\"url\":\"https:\/\/www.bsrsavunma.com.tr\/\",\"name\":\"BSR Savunma Sanayi\",\"description\":\"\",\"potentialAction\":[{\"@type\":\"SearchAction\",\"target\":{\"@type\":\"EntryPoint\",\"urlTemplate\":\"https:\/\/www.bsrsavunma.com.tr\/?s={search_term_string}\"},\"query-input\":{\"@type\":\"PropertyValueSpecification\",\"valueRequired\":true,\"valueName\":\"search_term_string\"}}],\"inLanguage\":\"tr\"}]}<\/script>\n<!-- \/ Yoast SEO plugin. -->","yoast_head_json":{"title":"120 mm Y\u00fcksek \u0130nfilakl\u0131 Havan M\u00fchimmat\u0131 - BSR Savunma Sanayi","robots":{"index":"index","follow":"follow","max-snippet":"max-snippet:-1","max-image-preview":"max-image-preview:large","max-video-preview":"max-video-preview:-1"},"canonical":"https:\/\/www.bsrsavunma.com.tr\/?product=120-mm-yuksek-infilakli-havan-muhimmati","og_locale":"tr_TR","og_type":"article","og_title":"120 mm Y\u00fcksek \u0130nfilakl\u0131 Havan M\u00fchimmat\u0131 - BSR Savunma Sanayi","og_description":"120 mm Y\u00fcksek \u0130nfilakl\u0131 Havan M\u00fchimmat\u0131\u00a0a\u00e7\u0131kta veya hafif siper alt\u0131ndaki d\u00fc\u015fman birliklerine kar\u015f\u0131 kullan\u0131lmak \u00fczere tasarlanm\u0131\u015ft\u0131r.  120 mm Y\u00fcksek \u0130nfilakl\u0131 Havan M\u00fchimmat\u0131 herhangi bir 120 mm d\u00fcz delikli NATO standard\u0131 havan topundan f\u0131rlat\u0131lmak \u00fczere tasarlanm\u0131\u015ft\u0131r.","og_url":"https:\/\/www.bsrsavunma.com.tr\/?product=120-mm-yuksek-infilakli-havan-muhimmati","og_site_name":"BSR Savunma Sanayi","article_modified_time":"2026-01-27T23:42:37+00:00","og_image":[{"width":900,"height":900,"url":"https:\/\/www.bsrsavunma.com.tr\/wp-content\/uploads\/2026\/01\/120-1.jpg","type":"image\/jpeg"}],"twitter_card":"summary_large_image","twitter_misc":{"Tahmini okuma s\u00fcresi":"1 dakika"},"schema":{"@context":"https:\/\/schema.org","@graph":[{"@type":"WebPage","@id":"https:\/\/www.bsrsavunma.com.tr\/?product=120-mm-yuksek-infilakli-havan-muhimmati","url":"https:\/\/www.bsrsavunma.com.tr\/?product=120-mm-yuksek-infilakli-havan-muhimmati","name":"120 mm Y\u00fcksek \u0130nfilakl\u0131 Havan M\u00fchimmat\u0131 - BSR Savunma Sanayi","isPartOf":{"@id":"https:\/\/www.bsrsavunma.com.tr\/#website"},"primaryImageOfPage":{"@id":"https:\/\/www.bsrsavunma.com.tr\/?product=120-mm-yuksek-infilakli-havan-muhimmati#primaryimage"},"image":{"@id":"https:\/\/www.bsrsavunma.com.tr\/?product=120-mm-yuksek-infilakli-havan-muhimmati#primaryimage"},"thumbnailUrl":"https:\/\/www.bsrsavunma.com.tr\/wp-content\/uploads\/2026\/01\/120-1.jpg","datePublished":"2026-01-24T03:13:41+00:00","dateModified":"2026-01-27T23:42:37+00:00","breadcrumb":{"@id":"https:\/\/www.bsrsavunma.com.tr\/?product=120-mm-yuksek-infilakli-havan-muhimmati#breadcrumb"},"inLanguage":"tr","potentialAction":[{"@type":"ReadAction","target":["https:\/\/www.bsrsavunma.com.tr\/?product=120-mm-yuksek-infilakli-havan-muhimmati"]}]},{"@type":"ImageObject","inLanguage":"tr","@id":"https:\/\/www.bsrsavunma.com.tr\/?product=120-mm-yuksek-infilakli-havan-muhimmati#primaryimage","url":"https:\/\/www.bsrsavunma.com.tr\/wp-content\/uploads\/2026\/01\/120-1.jpg","contentUrl":"https:\/\/www.bsrsavunma.com.tr\/wp-content\/uploads\/2026\/01\/120-1.jpg","width":900,"height":900},{"@type":"BreadcrumbList","@id":"https:\/\/www.bsrsavunma.com.tr\/?product=120-mm-yuksek-infilakli-havan-muhimmati#breadcrumb","itemListElement":[{"@type":"ListItem","position":1,"name":"Home","item":"https:\/\/www.bsrsavunma.com.tr\/"},{"@type":"ListItem","position":2,"name":"\u00dcr\u00fcnler","item":"https:\/\/www.bsrsavunma.com.tr\/?page_id=9"},{"@type":"ListItem","position":3,"name":"120 mm Y\u00fcksek \u0130nfilakl\u0131 Havan M\u00fchimmat\u0131"}]},{"@type":"WebSite","@id":"https:\/\/www.bsrsavunma.com.tr\/#website","url":"https:\/\/www.bsrsavunma.com.tr\/","name":"BSR Savunma Sanayi","description":"","potentialAction":[{"@type":"SearchAction","target":{"@type":"EntryPoint","urlTemplate":"https:\/\/www.bsrsavunma.com.tr\/?s={search_term_string}"},"query-input":{"@type":"PropertyValueSpecification","valueRequired":true,"valueName":"search_term_string"}}],"inLanguage":"tr"}]}},"_links":{"self":[{"href":"https:\/\/www.bsrsavunma.com.tr\/index.php?rest_route=\/wp\/v2\/product\/333","targetHints":{"allow":["GET"]}}],"collection":[{"href":"https:\/\/www.bsrsavunma.com.tr\/index.php?rest_route=\/wp\/v2\/product"}],"about":[{"href":"https:\/\/www.bsrsavunma.com.tr\/index.php?rest_route=\/wp\/v2\/types\/product"}],"replies":[{"embeddable":true,"href":"https:\/\/www.bsrsavunma.com.tr\/index.php?rest_route=%2Fwp%2Fv2%2Fcomments&post=333"}],"wp:featuredmedia":[{"embeddable":true,"href":"https:\/\/www.bsrsavunma.com.tr\/index.php?rest_route=\/wp\/v2\/media\/334"}],"wp:attachment":[{"href":"https:\/\/www.bsrsavunma.com.tr\/index.php?rest_route=%2Fwp%2Fv2%2Fmedia&parent=333"}],"wp:term":[{"taxonomy":"product_brand","embeddable":true,"href":"https:\/\/www.bsrsavunma.com.tr\/index.php?rest_route=%2Fwp%2Fv2%2Fproduct_brand&post=333"},{"taxonomy":"product_cat","embeddable":true,"href":"https:\/\/www.bsrsavunma.com.tr\/index.php?rest_route=%2Fwp%2Fv2%2Fproduct_cat&post=333"},{"taxonomy":"product_tag","embeddable":true,"href":"https:\/\/www.bsrsavunma.com.tr\/index.php?rest_route=%2Fwp%2Fv2%2Fproduct_tag&post=333"}],"curies":[{"name":"wp","href":"https:\/\/api.w.org\/{rel}","templated":true}]}}