{"id":82,"date":"2013-08-11T19:22:53","date_gmt":"2013-08-11T19:22:53","guid":{"rendered":"http:\/\/localhost:8888\/test\/?page_id=532"},"modified":"2026-01-27T04:11:06","modified_gmt":"2026-01-27T01:11:06","slug":"iletisim","status":"publish","type":"page","link":"https:\/\/www.bsrsavunma.com.tr\/?page_id=82","title":{"rendered":"\u0130leti\u015fim"},"content":{"rendered":"\n  <div class=\"banner has-hover\" id=\"banner-508765042\">\n          <div class=\"banner-inner fill\">\n        <div class=\"banner-bg fill\" >\n            <img loading=\"lazy\" decoding=\"async\" width=\"1920\" height=\"960\" src=\"https:\/\/www.bsrsavunma.com.tr\/wp-content\/uploads\/2026\/01\/bgs.jpg\" class=\"bg attachment-original size-original\" alt=\"\" \/>                                    \n                    <\/div>\n\t\t\n        <div class=\"banner-layers container\">\n            <div class=\"fill banner-link\"><\/div>               <div id=\"text-box-1072125777\" class=\"text-box banner-layer x50 md-x50 lg-x50 y50 md-y50 lg-y50 res-text\">\n                     <div data-animate=\"fadeIn\">           <div class=\"text-box-content text dark\">\n              \n              <div class=\"text-inner text-center\">\n                  \n              <\/div>\n           <\/div>\n       <\/div>                     \n<style>\n#text-box-1072125777 {\n  width: 60%;\n}\n#text-box-1072125777 .text-box-content {\n  font-size: 100%;\n}\n@media (min-width:550px) {\n  #text-box-1072125777 {\n    width: 60%;\n  }\n}\n<\/style>\n    <\/div>\n         <\/div>\n      <\/div>\n\n            \n<style>\n#banner-508765042 {\n  padding-top: 138px;\n}\n@media (min-width:550px) {\n  #banner-508765042 {\n    padding-top: 140px;\n  }\n}\n@media (min-width:850px) {\n  #banner-508765042 {\n    padding-top: 178px;\n  }\n}\n<\/style>\n  <\/div>\n\n\n  <div id=\"page-header-169115368\" class=\"page-header-wrapper\">\n  <div class=\"page-title dark featured-title\">\n\n        <div class=\"page-title-bg\">\n      <div class=\"title-bg fill bg-fill\"\n        data-parallax-container=\".page-title\"\n        data-parallax-background\n        data-parallax=\"-\">\n      <\/div>\n      <div class=\"title-overlay fill\"><\/div>\n    <\/div>\n    \n    <div class=\"page-title-inner container align-center flex-row medium-flex-wrap\" >\n              <div class=\"title-wrapper flex-col text-left medium-text-center\">\n          <h1 class=\"entry-title mb-0\">\n            \u0130leti\u015fim          <\/h1>\n        <\/div>\n                    <div class=\"title-content flex-col flex-right text-right medium-text-center\">\n        <div class=\"title-breadcrumbs pb-half pt-half\"><nav class=\"woocommerce-breadcrumb breadcrumbs uppercase\" aria-label=\"Breadcrumb\">Ana Sayfa<\/nav><\/div>      <\/div>\n    <\/div>\n\n     \n<style>\n#page-header-169115368 .title-bg {\n  background-image: url(https:\/\/www.bsrsavunma.com.tr\/wp-content\/uploads\/2016\/08\/dummy-1.jpg);\n}\n#page-header-169115368 .title-overlay {\n  background-color: rgb(0, 0, 0);\n}\n#page-header-169115368 .featured-title {\n  background-color: rgb(0,0,0);\n}\n<\/style>\n  <\/div>\n    <\/div>\n  \n<div class=\"row row-large\" style=\"max-width:1400px\" id=\"row-131003788\">\n\n\t<div id=\"col-2018486898\" class=\"col small-12 large-12\"  >\n\t\t\t\t<div class=\"col-inner\" style=\"background-color:rgb(255, 255, 255);\" >\n\t\t\t\n\t\t\t\n<div class=\"row row-collapse row-full-width\"  id=\"row-701876206\">\n\n\t<div id=\"col-1176746830\" class=\"col medium-12 small-12 large-8\"  >\n\t\t\t\t<div class=\"col-inner\"  >\n\t\t\t\n\t\t\t\n<h2><span style=\"font-size: 120%;\">\u0130leti\u015fim Bilgileri<\/span><\/h2>\n<p>BSR Savunma Sanayi olarak; kamu kurumlar\u0131, \u00f6zel sekt\u00f6r temsilcileri ve \u00e7\u00f6z\u00fcm ortaklar\u0131m\u0131zla etkin ve g\u00fcvenilir ileti\u015fimi \u00f6nemsiyoruz. Talepleriniz en k\u0131sa s\u00fcrede uzman ekibimiz taraf\u0131ndan de\u011ferlendirilir.<\/p>\n\t<div id=\"gap-1140928378\" class=\"gap-element clearfix\" style=\"display:block; height:auto;\">\n\t\t\n<style>\n#gap-1140928378 {\n  padding-top: 20px;\n}\n@media (min-width:550px) {\n  #gap-1140928378 {\n    padding-top: 20px;\n  }\n}\n@media (min-width:850px) {\n  #gap-1140928378 {\n    padding-top: 30px;\n  }\n}\n<\/style>\n\t<\/div>\n\t\n<div class=\"row\"  id=\"row-945922115\">\n\n\t<div id=\"col-2089452861\" class=\"col medium-4 small-12 large-4\"  >\n\t\t\t\t<div class=\"col-inner\"  >\n\t\t\t\n\t\t\t\n\t<div class=\"img has-hover x md-x lg-x y md-y lg-y\" id=\"image_593987730\">\n\t\t\t\t\t\t\t\t<div class=\"img-inner dark\" >\n\t\t\t<img loading=\"lazy\" decoding=\"async\" width=\"240\" height=\"240\" src=\"https:\/\/www.bsrsavunma.com.tr\/wp-content\/uploads\/2026\/01\/map-pin-2-fill-2.png\" class=\"attachment-large size-large\" alt=\"\" srcset=\"https:\/\/www.bsrsavunma.com.tr\/wp-content\/uploads\/2026\/01\/map-pin-2-fill-2.png 240w, https:\/\/www.bsrsavunma.com.tr\/wp-content\/uploads\/2026\/01\/map-pin-2-fill-2-100x100.png 100w\" sizes=\"auto, (max-width: 240px) 100vw, 240px\" \/>\t\t\t\t\t\t\n\t\t\t\t\t<\/div>\n\t\t\t\t\t\t\t\t\n<style>\n#image_593987730 {\n  width: 15%;\n}\n@media (min-width:550px) {\n  #image_593987730 {\n    width: 20%;\n  }\n}\n<\/style>\n\t<\/div>\n\t\n<h3 class=\"uppercase\">Adres<\/h3>\n<p>Alc\u0131 OSB Mahallesi 2019. Cad.<br \/>No:3 Sincan \/ ANKARA<\/p>\n\t\t<\/div>\n\t\t\t\t\t<\/div>\n\n\t\n\n\t<div id=\"col-1123825175\" class=\"col medium-4 small-12 large-4\"  >\n\t\t\t\t<div class=\"col-inner\"  >\n\t\t\t\n\t\t\t\n\t<div class=\"img has-hover x md-x lg-x y md-y lg-y\" id=\"image_1549143337\">\n\t\t\t\t\t\t\t\t<div class=\"img-inner dark\" >\n\t\t\t<img loading=\"lazy\" decoding=\"async\" width=\"240\" height=\"240\" src=\"https:\/\/www.bsrsavunma.com.tr\/wp-content\/uploads\/2026\/01\/mail-open-fill.png\" class=\"attachment-large size-large\" alt=\"\" srcset=\"https:\/\/www.bsrsavunma.com.tr\/wp-content\/uploads\/2026\/01\/mail-open-fill.png 240w, https:\/\/www.bsrsavunma.com.tr\/wp-content\/uploads\/2026\/01\/mail-open-fill-100x100.png 100w\" sizes=\"auto, (max-width: 240px) 100vw, 240px\" \/>\t\t\t\t\t\t\n\t\t\t\t\t<\/div>\n\t\t\t\t\t\t\t\t\n<style>\n#image_1549143337 {\n  width: 15%;\n}\n@media (min-width:550px) {\n  #image_1549143337 {\n    width: 20%;\n  }\n}\n<\/style>\n\t<\/div>\n\t\n<h3 class=\"uppercase\">E-mail<\/h3>\n<p><a href=\"_wp_link_placeholder\" data-wplink-edit=\"true\">info@bsrsavunma.com.tr<\/a><\/p>\n\t\t<\/div>\n\t\t\t\t\t<\/div>\n\n\t\n\n\t<div id=\"col-697163327\" class=\"col medium-4 small-12 large-4\"  >\n\t\t\t\t<div class=\"col-inner\"  >\n\t\t\t\n\t\t\t\n\t<div class=\"img has-hover x md-x lg-x y md-y lg-y\" id=\"image_1802801426\">\n\t\t\t\t\t\t\t\t<div class=\"img-inner dark\" >\n\t\t\t<img loading=\"lazy\" decoding=\"async\" width=\"240\" height=\"240\" src=\"https:\/\/www.bsrsavunma.com.tr\/wp-content\/uploads\/2026\/01\/phone-fill.png\" class=\"attachment-large size-large\" alt=\"\" srcset=\"https:\/\/www.bsrsavunma.com.tr\/wp-content\/uploads\/2026\/01\/phone-fill.png 240w, https:\/\/www.bsrsavunma.com.tr\/wp-content\/uploads\/2026\/01\/phone-fill-100x100.png 100w\" sizes=\"auto, (max-width: 240px) 100vw, 240px\" \/>\t\t\t\t\t\t\n\t\t\t\t\t<\/div>\n\t\t\t\t\t\t\t\t\n<style>\n#image_1802801426 {\n  width: 15%;\n}\n@media (min-width:550px) {\n  #image_1802801426 {\n    width: 20%;\n  }\n}\n<\/style>\n\t<\/div>\n\t\n<h3 class=\"uppercase\">Telefon<\/h3>\n<p><a href=\"tel:03122170032\">0312 217 00 32<\/a><\/p>\n\t\t<\/div>\n\t\t\t\t\t<\/div>\n\n\t\n<\/div>\n\t\t<\/div>\n\t\t\t\t\n<style>\n#col-1176746830 > .col-inner {\n  padding: 0px 0px 0px 20px;\n}\n<\/style>\n\t<\/div>\n\n\t\n\n\t<div id=\"col-1614005919\" class=\"col medium-12 small-12 large-4\"  >\n\t\t\t\t<div class=\"col-inner\"  >\n\t\t\t\n\t\t\t\n<h2><span style=\"font-size: 120%;\">Bize Yaz\u0131n<\/span><\/h2>\n\t<div id=\"gap-1040503413\" class=\"gap-element clearfix\" style=\"display:block; height:auto;\">\n\t\t\n<style>\n#gap-1040503413 {\n  padding-top: 20px;\n}\n@media (min-width:550px) {\n  #gap-1040503413 {\n    padding-top: 20px;\n  }\n}\n@media (min-width:850px) {\n  #gap-1040503413 {\n    padding-top: 30px;\n  }\n}\n<\/style>\n\t<\/div>\n\t\n\n<div class=\"wpcf7 no-js\" id=\"wpcf7-f376-o1\" lang=\"tr-TR\" dir=\"ltr\" data-wpcf7-id=\"376\">\n<div class=\"screen-reader-response\"><p role=\"status\" aria-live=\"polite\" aria-atomic=\"true\"><\/p> <ul><\/ul><\/div>\n<form action=\"\/index.php?rest_route=%2Fwp%2Fv2%2Fpages%2F82#wpcf7-f376-o1\" method=\"post\" class=\"wpcf7-form init\" aria-label=\"\u0130leti\u015fim Formu\" novalidate=\"novalidate\" data-status=\"init\">\n<fieldset class=\"hidden-fields-container\"><input type=\"hidden\" name=\"_wpcf7\" value=\"376\" \/><input type=\"hidden\" name=\"_wpcf7_version\" value=\"6.1.4\" \/><input type=\"hidden\" name=\"_wpcf7_locale\" value=\"tr_TR\" \/><input type=\"hidden\" name=\"_wpcf7_unit_tag\" value=\"wpcf7-f376-o1\" \/><input type=\"hidden\" name=\"_wpcf7_container_post\" value=\"0\" \/><input type=\"hidden\" name=\"_wpcf7_posted_data_hash\" value=\"\" \/>\n<\/fieldset>\n<p><label> Ad\u0131n\u0131z<br \/>\n<span class=\"wpcf7-form-control-wrap\" data-name=\"your-name\"><input size=\"40\" maxlength=\"400\" class=\"wpcf7-form-control wpcf7-text wpcf7-validates-as-required\" autocomplete=\"name\" aria-required=\"true\" aria-invalid=\"false\" value=\"\" type=\"text\" name=\"your-name\" \/><\/span> <\/label>\n<\/p>\n<p><label> E-posta adresiniz<br \/>\n<span class=\"wpcf7-form-control-wrap\" data-name=\"your-email\"><input size=\"40\" maxlength=\"400\" class=\"wpcf7-form-control wpcf7-email wpcf7-validates-as-required wpcf7-text wpcf7-validates-as-email\" autocomplete=\"email\" aria-required=\"true\" aria-invalid=\"false\" value=\"\" type=\"email\" name=\"your-email\" \/><\/span> <\/label>\n<\/p>\n<p><label> Konu<br \/>\n<span class=\"wpcf7-form-control-wrap\" data-name=\"your-subject\"><input size=\"40\" maxlength=\"400\" class=\"wpcf7-form-control wpcf7-text wpcf7-validates-as-required\" aria-required=\"true\" aria-invalid=\"false\" value=\"\" type=\"text\" name=\"your-subject\" \/><\/span> <\/label>\n<\/p>\n<p><label> \u0130letiniz<br \/>\n<span class=\"wpcf7-form-control-wrap\" data-name=\"your-message\"><textarea cols=\"40\" rows=\"10\" maxlength=\"2000\" class=\"wpcf7-form-control wpcf7-textarea\" aria-invalid=\"false\" name=\"your-message\"><\/textarea><\/span> <\/label>\n<\/p>\n<p><input class=\"wpcf7-form-control wpcf7-submit has-spinner\" type=\"submit\" value=\"G\u00f6nder\" \/>\n<\/p><div class=\"wpcf7-response-output\" aria-hidden=\"true\"><\/div>\n<\/form>\n<\/div>\n\n\t\t<\/div>\n\t\t\t\t\t<\/div>\n\n\t\n\n<style>\n#row-701876206 > .col > .col-inner {\n  padding: 0px 15px 0px 15px;\n}\n<\/style>\n<\/div>\n\t\t<\/div>\n\t\t\t\t\n<style>\n#col-2018486898 > .col-inner {\n  padding: 10px 20px 0px 20px;\n  margin: -0 0px 0px 0px;\n}\n@media (min-width:550px) {\n  #col-2018486898 > .col-inner {\n    padding: 50px 20px 30px 20px;\n    margin: 0 0px 0px 0px;\n  }\n}\n@media (min-width:850px) {\n  #col-2018486898 > .col-inner {\n    padding: 66px 5% 16px 5%;\n    margin: -135px 0px 0px 0px;\n  }\n}\n<\/style>\n\t<\/div>\n\n\t\n<\/div>\n","protected":false},"excerpt":{"rendered":"","protected":false},"author":1,"featured_media":18,"parent":0,"menu_order":0,"comment_status":"closed","ping_status":"closed","template":"page-transparent-header.php","meta":{"footnotes":""},"class_list":["post-82","page","type-page","status-publish","has-post-thumbnail","hentry"],"yoast_head":"<!-- This site is optimized with the Yoast SEO plugin v26.8 - https:\/\/yoast.com\/product\/yoast-seo-wordpress\/ -->\n<title>\u0130leti\u015fim - BSR Savunma Sanayi<\/title>\n<meta name=\"robots\" content=\"index, follow, max-snippet:-1, max-image-preview:large, max-video-preview:-1\" \/>\n<link rel=\"canonical\" href=\"https:\/\/www.bsrsavunma.com.tr\/?page_id=82\" \/>\n<meta property=\"og:locale\" content=\"tr_TR\" \/>\n<meta property=\"og:type\" content=\"article\" \/>\n<meta property=\"og:title\" content=\"\u0130leti\u015fim - BSR Savunma Sanayi\" \/>\n<meta property=\"og:url\" content=\"https:\/\/www.bsrsavunma.com.tr\/?page_id=82\" \/>\n<meta property=\"og:site_name\" content=\"BSR Savunma Sanayi\" \/>\n<meta property=\"article:modified_time\" content=\"2026-01-27T01:11:06+00:00\" \/>\n<meta property=\"og:image\" content=\"https:\/\/www.bsrsavunma.com.tr\/wp-content\/uploads\/2016\/08\/dummy-1.jpg\" \/>\n\t<meta property=\"og:image:width\" content=\"400\" \/>\n\t<meta property=\"og:image:height\" content=\"260\" \/>\n\t<meta property=\"og:image:type\" content=\"image\/jpeg\" \/>\n<meta name=\"twitter:card\" content=\"summary_large_image\" \/>\n<meta name=\"twitter:label1\" content=\"Tahmini okuma s\u00fcresi\" \/>\n\t<meta name=\"twitter:data1\" content=\"3 dakika\" \/>\n<script type=\"application\/ld+json\" class=\"yoast-schema-graph\">{\"@context\":\"https:\/\/schema.org\",\"@graph\":[{\"@type\":\"WebPage\",\"@id\":\"https:\/\/www.bsrsavunma.com.tr\/?page_id=82\",\"url\":\"https:\/\/www.bsrsavunma.com.tr\/?page_id=82\",\"name\":\"\u0130leti\u015fim - BSR Savunma Sanayi\",\"isPartOf\":{\"@id\":\"https:\/\/www.bsrsavunma.com.tr\/#website\"},\"primaryImageOfPage\":{\"@id\":\"https:\/\/www.bsrsavunma.com.tr\/?page_id=82#primaryimage\"},\"image\":{\"@id\":\"https:\/\/www.bsrsavunma.com.tr\/?page_id=82#primaryimage\"},\"thumbnailUrl\":\"https:\/\/www.bsrsavunma.com.tr\/wp-content\/uploads\/2016\/08\/dummy-1.jpg\",\"datePublished\":\"2013-08-11T19:22:53+00:00\",\"dateModified\":\"2026-01-27T01:11:06+00:00\",\"breadcrumb\":{\"@id\":\"https:\/\/www.bsrsavunma.com.tr\/?page_id=82#breadcrumb\"},\"inLanguage\":\"tr\",\"potentialAction\":[{\"@type\":\"ReadAction\",\"target\":[\"https:\/\/www.bsrsavunma.com.tr\/?page_id=82\"]}]},{\"@type\":\"ImageObject\",\"inLanguage\":\"tr\",\"@id\":\"https:\/\/www.bsrsavunma.com.tr\/?page_id=82#primaryimage\",\"url\":\"https:\/\/www.bsrsavunma.com.tr\/wp-content\/uploads\/2016\/08\/dummy-1.jpg\",\"contentUrl\":\"https:\/\/www.bsrsavunma.com.tr\/wp-content\/uploads\/2016\/08\/dummy-1.jpg\",\"width\":400,\"height\":260},{\"@type\":\"BreadcrumbList\",\"@id\":\"https:\/\/www.bsrsavunma.com.tr\/?page_id=82#breadcrumb\",\"itemListElement\":[{\"@type\":\"ListItem\",\"position\":1,\"name\":\"Home\",\"item\":\"https:\/\/www.bsrsavunma.com.tr\/\"},{\"@type\":\"ListItem\",\"position\":2,\"name\":\"\u0130leti\u015fim\"}]},{\"@type\":\"WebSite\",\"@id\":\"https:\/\/www.bsrsavunma.com.tr\/#website\",\"url\":\"https:\/\/www.bsrsavunma.com.tr\/\",\"name\":\"BSR Savunma Sanayi\",\"description\":\"\",\"potentialAction\":[{\"@type\":\"SearchAction\",\"target\":{\"@type\":\"EntryPoint\",\"urlTemplate\":\"https:\/\/www.bsrsavunma.com.tr\/?s={search_term_string}\"},\"query-input\":{\"@type\":\"PropertyValueSpecification\",\"valueRequired\":true,\"valueName\":\"search_term_string\"}}],\"inLanguage\":\"tr\"}]}<\/script>\n<!-- \/ Yoast SEO plugin. -->","yoast_head_json":{"title":"\u0130leti\u015fim - BSR Savunma Sanayi","robots":{"index":"index","follow":"follow","max-snippet":"max-snippet:-1","max-image-preview":"max-image-preview:large","max-video-preview":"max-video-preview:-1"},"canonical":"https:\/\/www.bsrsavunma.com.tr\/?page_id=82","og_locale":"tr_TR","og_type":"article","og_title":"\u0130leti\u015fim - BSR Savunma Sanayi","og_url":"https:\/\/www.bsrsavunma.com.tr\/?page_id=82","og_site_name":"BSR Savunma Sanayi","article_modified_time":"2026-01-27T01:11:06+00:00","og_image":[{"width":400,"height":260,"url":"https:\/\/www.bsrsavunma.com.tr\/wp-content\/uploads\/2016\/08\/dummy-1.jpg","type":"image\/jpeg"}],"twitter_card":"summary_large_image","twitter_misc":{"Tahmini okuma s\u00fcresi":"3 dakika"},"schema":{"@context":"https:\/\/schema.org","@graph":[{"@type":"WebPage","@id":"https:\/\/www.bsrsavunma.com.tr\/?page_id=82","url":"https:\/\/www.bsrsavunma.com.tr\/?page_id=82","name":"\u0130leti\u015fim - BSR Savunma Sanayi","isPartOf":{"@id":"https:\/\/www.bsrsavunma.com.tr\/#website"},"primaryImageOfPage":{"@id":"https:\/\/www.bsrsavunma.com.tr\/?page_id=82#primaryimage"},"image":{"@id":"https:\/\/www.bsrsavunma.com.tr\/?page_id=82#primaryimage"},"thumbnailUrl":"https:\/\/www.bsrsavunma.com.tr\/wp-content\/uploads\/2016\/08\/dummy-1.jpg","datePublished":"2013-08-11T19:22:53+00:00","dateModified":"2026-01-27T01:11:06+00:00","breadcrumb":{"@id":"https:\/\/www.bsrsavunma.com.tr\/?page_id=82#breadcrumb"},"inLanguage":"tr","potentialAction":[{"@type":"ReadAction","target":["https:\/\/www.bsrsavunma.com.tr\/?page_id=82"]}]},{"@type":"ImageObject","inLanguage":"tr","@id":"https:\/\/www.bsrsavunma.com.tr\/?page_id=82#primaryimage","url":"https:\/\/www.bsrsavunma.com.tr\/wp-content\/uploads\/2016\/08\/dummy-1.jpg","contentUrl":"https:\/\/www.bsrsavunma.com.tr\/wp-content\/uploads\/2016\/08\/dummy-1.jpg","width":400,"height":260},{"@type":"BreadcrumbList","@id":"https:\/\/www.bsrsavunma.com.tr\/?page_id=82#breadcrumb","itemListElement":[{"@type":"ListItem","position":1,"name":"Home","item":"https:\/\/www.bsrsavunma.com.tr\/"},{"@type":"ListItem","position":2,"name":"\u0130leti\u015fim"}]},{"@type":"WebSite","@id":"https:\/\/www.bsrsavunma.com.tr\/#website","url":"https:\/\/www.bsrsavunma.com.tr\/","name":"BSR Savunma Sanayi","description":"","potentialAction":[{"@type":"SearchAction","target":{"@type":"EntryPoint","urlTemplate":"https:\/\/www.bsrsavunma.com.tr\/?s={search_term_string}"},"query-input":{"@type":"PropertyValueSpecification","valueRequired":true,"valueName":"search_term_string"}}],"inLanguage":"tr"}]}},"_links":{"self":[{"href":"https:\/\/www.bsrsavunma.com.tr\/index.php?rest_route=\/wp\/v2\/pages\/82","targetHints":{"allow":["GET"]}}],"collection":[{"href":"https:\/\/www.bsrsavunma.com.tr\/index.php?rest_route=\/wp\/v2\/pages"}],"about":[{"href":"https:\/\/www.bsrsavunma.com.tr\/index.php?rest_route=\/wp\/v2\/types\/page"}],"author":[{"embeddable":true,"href":"https:\/\/www.bsrsavunma.com.tr\/index.php?rest_route=\/wp\/v2\/users\/1"}],"replies":[{"embeddable":true,"href":"https:\/\/www.bsrsavunma.com.tr\/index.php?rest_route=%2Fwp%2Fv2%2Fcomments&post=82"}],"version-history":[{"count":5,"href":"https:\/\/www.bsrsavunma.com.tr\/index.php?rest_route=\/wp\/v2\/pages\/82\/revisions"}],"predecessor-version":[{"id":419,"href":"https:\/\/www.bsrsavunma.com.tr\/index.php?rest_route=\/wp\/v2\/pages\/82\/revisions\/419"}],"wp:featuredmedia":[{"embeddable":true,"href":"https:\/\/www.bsrsavunma.com.tr\/index.php?rest_route=\/wp\/v2\/media\/18"}],"wp:attachment":[{"href":"https:\/\/www.bsrsavunma.com.tr\/index.php?rest_route=%2Fwp%2Fv2%2Fmedia&parent=82"}],"curies":[{"name":"wp","href":"https:\/\/api.w.org\/{rel}","templated":true}]}}