{"id":264,"date":"2026-01-19T05:38:28","date_gmt":"2026-01-19T02:38:28","guid":{"rendered":"https:\/\/www.bsrsavunma.com.tr\/?page_id=264"},"modified":"2026-01-27T04:06:56","modified_gmt":"2026-01-27T01:06:56","slug":"hakkimizda","status":"publish","type":"page","link":"https:\/\/www.bsrsavunma.com.tr\/?page_id=264","title":{"rendered":"Hakk\u0131m\u0131zda"},"content":{"rendered":"\n  <div class=\"banner has-hover\" id=\"banner-1421583257\">\n          <div class=\"banner-inner fill\">\n        <div class=\"banner-bg fill\" >\n            <img loading=\"lazy\" decoding=\"async\" width=\"1920\" height=\"960\" src=\"https:\/\/www.bsrsavunma.com.tr\/wp-content\/uploads\/2026\/01\/bgs.jpg\" class=\"bg attachment-original size-original\" alt=\"\" \/>                                    \n                    <\/div>\n\t\t\n        <div class=\"banner-layers container\">\n            <div class=\"fill banner-link\"><\/div>            \n   <div id=\"text-box-2039690909\" class=\"text-box banner-layer x50 md-x50 lg-x50 y50 md-y50 lg-y50 res-text\">\n                                <div class=\"text-box-content text dark\">\n              \n              <div class=\"text-inner text-center\">\n                  \n              <\/div>\n           <\/div>\n                            \n<style>\n#text-box-2039690909 {\n  width: 60%;\n}\n#text-box-2039690909 .text-box-content {\n  font-size: 100%;\n}\n@media (min-width:550px) {\n  #text-box-2039690909 {\n    width: 60%;\n  }\n}\n<\/style>\n    <\/div>\n \n        <\/div>\n      <\/div>\n\n            \n<style>\n#banner-1421583257 {\n  padding-top: 149px;\n}\n<\/style>\n  <\/div>\n\n\n  <div id=\"page-header-1799204412\" class=\"page-header-wrapper\">\n  <div class=\"page-title dark featured-title\">\n\n        <div class=\"page-title-bg\">\n      <div class=\"title-bg fill bg-fill\"\n        data-parallax-container=\".page-title\"\n        data-parallax-background\n        data-parallax=\"-\">\n      <\/div>\n      <div class=\"title-overlay fill\"><\/div>\n    <\/div>\n    \n    <div class=\"page-title-inner container align-center flex-row medium-flex-wrap\" >\n              <div class=\"title-wrapper flex-col text-left medium-text-center\">\n          <h1 class=\"entry-title mb-0\">\n            Hakk\u0131m\u0131zda          <\/h1>\n        <\/div>\n                    <div class=\"title-content flex-col flex-right text-right medium-text-center\">\n        <div class=\"title-breadcrumbs pb-half pt-half\"><nav class=\"woocommerce-breadcrumb breadcrumbs uppercase\" aria-label=\"Breadcrumb\">Ana Sayfa<\/nav><\/div>      <\/div>\n    <\/div>\n\n     \n<style>\n#page-header-1799204412 .title-bg {\n  background-image: url(https:\/\/www.bsrsavunma.com.tr\/wp-content\/uploads\/2016\/08\/dummy-1.jpg);\n}\n#page-header-1799204412 .title-overlay {\n  background-color: rgba(0, 0, 0, 0.977);\n}\n#page-header-1799204412 .featured-title {\n  background-color: rgb(0,0,0);\n}\n<\/style>\n  <\/div>\n    <\/div>\n  \n\n\t<section class=\"section\" id=\"section_364747941\">\n\t\t<div class=\"section-bg fill\" >\n\t\t\t\t\t\t\t\t\t\n\t\t\t\n\n\t\t<\/div>\n\n\t\t\n\n\t\t<div class=\"section-content relative\">\n\t\t\t\n\t<div id=\"gap-422594064\" class=\"gap-element clearfix\" style=\"display:block; height:auto;\">\n\t\t\n<style>\n#gap-422594064 {\n  padding-top: 2px;\n}\n@media (min-width:550px) {\n  #gap-422594064 {\n    padding-top: 5px;\n  }\n}\n<\/style>\n\t<\/div>\n\t\n<div class=\"row align-middle align-center\"  id=\"row-743979480\">\n\n\t<div id=\"col-1258295022\" class=\"col medium-12 small-12 large-8\"  >\n\t\t\t\t<div class=\"col-inner\"  >\n\t\t\t\n\t\t\t\n<p style=\"text-align: justify;\" data-start=\"467\" data-end=\"841\"><strong data-start=\"467\" data-end=\"489\">BSR Savunma Sanayi<\/strong>, savunma teknolojileri alan\u0131nda yenilik\u00e7i, s\u00fcrd\u00fcr\u00fclebilir ve y\u00fcksek g\u00fcvenilirlik esas\u0131na dayal\u0131 \u00e7\u00f6z\u00fcmler geli\u015ftirmek amac\u0131yla faaliyet g\u00f6stermektedir. Kuruldu\u011fu g\u00fcnden bu yana, T\u00fcrk Savunma Sanayisi ekosistemi i\u00e7inde konumlanan firmam\u0131z; m\u00fchendislik g\u00fcc\u00fc, teknik bilgi birikimi ve stratejik bak\u0131\u015f a\u00e7\u0131s\u0131yla sekt\u00f6re katma de\u011fer \u00fcretmeyi hedeflemektedir.<\/p>\n<p style=\"text-align: justify;\" data-start=\"843\" data-end=\"1203\">Firmam\u0131z, <strong data-start=\"853\" data-end=\"956\">devletimizin ilgili kurumlar\u0131 ve T\u00fcrk Savunma Sanayisi payda\u015flar\u0131yla yak\u0131n i\u015f birlikleri i\u00e7erisinde<\/strong>, milli g\u00fcvenli\u011fin g\u00fc\u00e7lendirilmesine katk\u0131 sa\u011flayacak projeler \u00fczerinde \u00e7al\u0131\u015fmalar y\u00fcr\u00fctmektedir. Bu i\u015f birlikleri sayesinde, savunma alan\u0131ndaki g\u00fcncel ihtiya\u00e7lar do\u011fru \u015fekilde analiz edilmekte ve sahaya y\u00f6nelik, etkin \u00e7\u00f6z\u00fcmler geli\u015ftirilmektedir.<\/p>\n<p style=\"text-align: justify;\" data-start=\"1205\" data-end=\"1558\">BSR Savunma Sanayi olarak temel hedefimiz; <strong data-start=\"1248\" data-end=\"1291\">devletimizin g\u00fc\u00e7l\u00fc yap\u0131s\u0131n\u0131 destekleyen<\/strong>, yerli ve milli savunma teknolojilerinin geli\u015ftirilmesine katk\u0131 sa\u011flamak, \u00fclkemizin savunma kabiliyetlerini ileriye ta\u015f\u0131yacak sistemler \u00fcretmektir. Bu do\u011frultuda kalite, gizlilik, g\u00fcvenilirlik ve s\u00fcrd\u00fcr\u00fclebilirlik ilkelerini t\u00fcm faaliyetlerimizin merkezine al\u0131yoruz.<\/p>\n<p style=\"text-align: justify;\" data-start=\"1560\" data-end=\"1743\">Gelece\u011fin savunma teknolojilerini bug\u00fcnden in\u015fa etme vizyonuyla hareket eden BSR Savunma Sanayi, T\u00fcrkiye\u2019nin stratejik g\u00fcc\u00fcne uzun vadeli katk\u0131lar sunmay\u0131 kararl\u0131l\u0131kla s\u00fcrd\u00fcrmektedir.<\/p>\n\t\t<\/div>\n\t\t\t\t\t<\/div>\n\n\t\n\n<style>\n#row-743979480 > .col > .col-inner {\n  padding: 0px 0px 0px 0px;\n}\n<\/style>\n<\/div>\n\t\t<\/div>\n\n\t\t\n<style>\n#section_364747941 {\n  padding-top: 20px;\n  padding-bottom: 20px;\n}\n@media (min-width:550px) {\n  #section_364747941 {\n    padding-top: 15px;\n    padding-bottom: 15px;\n  }\n}\n@media (min-width:850px) {\n  #section_364747941 {\n    padding-top: 30px;\n    padding-bottom: 30px;\n  }\n}\n<\/style>\n\t<\/section>\n\t\n","protected":false},"excerpt":{"rendered":"","protected":false},"author":1,"featured_media":18,"parent":0,"menu_order":0,"comment_status":"closed","ping_status":"closed","template":"page-transparent-header.php","meta":{"footnotes":""},"class_list":["post-264","page","type-page","status-publish","has-post-thumbnail","hentry"],"yoast_head":"<!-- This site is optimized with the Yoast SEO plugin v26.8 - https:\/\/yoast.com\/product\/yoast-seo-wordpress\/ -->\n<title>Hakk\u0131m\u0131zda - BSR Savunma Sanayi<\/title>\n<meta name=\"robots\" content=\"index, follow, max-snippet:-1, max-image-preview:large, max-video-preview:-1\" \/>\n<link rel=\"canonical\" href=\"https:\/\/www.bsrsavunma.com.tr\/?page_id=264\" \/>\n<meta property=\"og:locale\" content=\"tr_TR\" \/>\n<meta property=\"og:type\" content=\"article\" \/>\n<meta property=\"og:title\" content=\"Hakk\u0131m\u0131zda - BSR Savunma Sanayi\" \/>\n<meta property=\"og:url\" content=\"https:\/\/www.bsrsavunma.com.tr\/?page_id=264\" \/>\n<meta property=\"og:site_name\" content=\"BSR Savunma Sanayi\" \/>\n<meta property=\"article:modified_time\" content=\"2026-01-27T01:06:56+00:00\" \/>\n<meta property=\"og:image\" content=\"https:\/\/www.bsrsavunma.com.tr\/wp-content\/uploads\/2016\/08\/dummy-1.jpg\" \/>\n\t<meta property=\"og:image:width\" content=\"400\" \/>\n\t<meta property=\"og:image:height\" content=\"260\" \/>\n\t<meta property=\"og:image:type\" content=\"image\/jpeg\" \/>\n<meta name=\"twitter:card\" content=\"summary_large_image\" \/>\n<meta name=\"twitter:label1\" content=\"Tahmini okuma s\u00fcresi\" \/>\n\t<meta name=\"twitter:data1\" content=\"1 dakika\" \/>\n<script type=\"application\/ld+json\" class=\"yoast-schema-graph\">{\"@context\":\"https:\/\/schema.org\",\"@graph\":[{\"@type\":\"WebPage\",\"@id\":\"https:\/\/www.bsrsavunma.com.tr\/?page_id=264\",\"url\":\"https:\/\/www.bsrsavunma.com.tr\/?page_id=264\",\"name\":\"Hakk\u0131m\u0131zda - BSR Savunma Sanayi\",\"isPartOf\":{\"@id\":\"https:\/\/www.bsrsavunma.com.tr\/#website\"},\"primaryImageOfPage\":{\"@id\":\"https:\/\/www.bsrsavunma.com.tr\/?page_id=264#primaryimage\"},\"image\":{\"@id\":\"https:\/\/www.bsrsavunma.com.tr\/?page_id=264#primaryimage\"},\"thumbnailUrl\":\"https:\/\/www.bsrsavunma.com.tr\/wp-content\/uploads\/2016\/08\/dummy-1.jpg\",\"datePublished\":\"2026-01-19T02:38:28+00:00\",\"dateModified\":\"2026-01-27T01:06:56+00:00\",\"breadcrumb\":{\"@id\":\"https:\/\/www.bsrsavunma.com.tr\/?page_id=264#breadcrumb\"},\"inLanguage\":\"tr\",\"potentialAction\":[{\"@type\":\"ReadAction\",\"target\":[\"https:\/\/www.bsrsavunma.com.tr\/?page_id=264\"]}]},{\"@type\":\"ImageObject\",\"inLanguage\":\"tr\",\"@id\":\"https:\/\/www.bsrsavunma.com.tr\/?page_id=264#primaryimage\",\"url\":\"https:\/\/www.bsrsavunma.com.tr\/wp-content\/uploads\/2016\/08\/dummy-1.jpg\",\"contentUrl\":\"https:\/\/www.bsrsavunma.com.tr\/wp-content\/uploads\/2016\/08\/dummy-1.jpg\",\"width\":400,\"height\":260},{\"@type\":\"BreadcrumbList\",\"@id\":\"https:\/\/www.bsrsavunma.com.tr\/?page_id=264#breadcrumb\",\"itemListElement\":[{\"@type\":\"ListItem\",\"position\":1,\"name\":\"Home\",\"item\":\"https:\/\/www.bsrsavunma.com.tr\/\"},{\"@type\":\"ListItem\",\"position\":2,\"name\":\"Hakk\u0131m\u0131zda\"}]},{\"@type\":\"WebSite\",\"@id\":\"https:\/\/www.bsrsavunma.com.tr\/#website\",\"url\":\"https:\/\/www.bsrsavunma.com.tr\/\",\"name\":\"BSR Savunma Sanayi\",\"description\":\"\",\"potentialAction\":[{\"@type\":\"SearchAction\",\"target\":{\"@type\":\"EntryPoint\",\"urlTemplate\":\"https:\/\/www.bsrsavunma.com.tr\/?s={search_term_string}\"},\"query-input\":{\"@type\":\"PropertyValueSpecification\",\"valueRequired\":true,\"valueName\":\"search_term_string\"}}],\"inLanguage\":\"tr\"}]}<\/script>\n<!-- \/ Yoast SEO plugin. -->","yoast_head_json":{"title":"Hakk\u0131m\u0131zda - BSR Savunma Sanayi","robots":{"index":"index","follow":"follow","max-snippet":"max-snippet:-1","max-image-preview":"max-image-preview:large","max-video-preview":"max-video-preview:-1"},"canonical":"https:\/\/www.bsrsavunma.com.tr\/?page_id=264","og_locale":"tr_TR","og_type":"article","og_title":"Hakk\u0131m\u0131zda - BSR Savunma Sanayi","og_url":"https:\/\/www.bsrsavunma.com.tr\/?page_id=264","og_site_name":"BSR Savunma Sanayi","article_modified_time":"2026-01-27T01:06:56+00:00","og_image":[{"width":400,"height":260,"url":"https:\/\/www.bsrsavunma.com.tr\/wp-content\/uploads\/2016\/08\/dummy-1.jpg","type":"image\/jpeg"}],"twitter_card":"summary_large_image","twitter_misc":{"Tahmini okuma s\u00fcresi":"1 dakika"},"schema":{"@context":"https:\/\/schema.org","@graph":[{"@type":"WebPage","@id":"https:\/\/www.bsrsavunma.com.tr\/?page_id=264","url":"https:\/\/www.bsrsavunma.com.tr\/?page_id=264","name":"Hakk\u0131m\u0131zda - BSR Savunma Sanayi","isPartOf":{"@id":"https:\/\/www.bsrsavunma.com.tr\/#website"},"primaryImageOfPage":{"@id":"https:\/\/www.bsrsavunma.com.tr\/?page_id=264#primaryimage"},"image":{"@id":"https:\/\/www.bsrsavunma.com.tr\/?page_id=264#primaryimage"},"thumbnailUrl":"https:\/\/www.bsrsavunma.com.tr\/wp-content\/uploads\/2016\/08\/dummy-1.jpg","datePublished":"2026-01-19T02:38:28+00:00","dateModified":"2026-01-27T01:06:56+00:00","breadcrumb":{"@id":"https:\/\/www.bsrsavunma.com.tr\/?page_id=264#breadcrumb"},"inLanguage":"tr","potentialAction":[{"@type":"ReadAction","target":["https:\/\/www.bsrsavunma.com.tr\/?page_id=264"]}]},{"@type":"ImageObject","inLanguage":"tr","@id":"https:\/\/www.bsrsavunma.com.tr\/?page_id=264#primaryimage","url":"https:\/\/www.bsrsavunma.com.tr\/wp-content\/uploads\/2016\/08\/dummy-1.jpg","contentUrl":"https:\/\/www.bsrsavunma.com.tr\/wp-content\/uploads\/2016\/08\/dummy-1.jpg","width":400,"height":260},{"@type":"BreadcrumbList","@id":"https:\/\/www.bsrsavunma.com.tr\/?page_id=264#breadcrumb","itemListElement":[{"@type":"ListItem","position":1,"name":"Home","item":"https:\/\/www.bsrsavunma.com.tr\/"},{"@type":"ListItem","position":2,"name":"Hakk\u0131m\u0131zda"}]},{"@type":"WebSite","@id":"https:\/\/www.bsrsavunma.com.tr\/#website","url":"https:\/\/www.bsrsavunma.com.tr\/","name":"BSR Savunma Sanayi","description":"","potentialAction":[{"@type":"SearchAction","target":{"@type":"EntryPoint","urlTemplate":"https:\/\/www.bsrsavunma.com.tr\/?s={search_term_string}"},"query-input":{"@type":"PropertyValueSpecification","valueRequired":true,"valueName":"search_term_string"}}],"inLanguage":"tr"}]}},"_links":{"self":[{"href":"https:\/\/www.bsrsavunma.com.tr\/index.php?rest_route=\/wp\/v2\/pages\/264","targetHints":{"allow":["GET"]}}],"collection":[{"href":"https:\/\/www.bsrsavunma.com.tr\/index.php?rest_route=\/wp\/v2\/pages"}],"about":[{"href":"https:\/\/www.bsrsavunma.com.tr\/index.php?rest_route=\/wp\/v2\/types\/page"}],"author":[{"embeddable":true,"href":"https:\/\/www.bsrsavunma.com.tr\/index.php?rest_route=\/wp\/v2\/users\/1"}],"replies":[{"embeddable":true,"href":"https:\/\/www.bsrsavunma.com.tr\/index.php?rest_route=%2Fwp%2Fv2%2Fcomments&post=264"}],"version-history":[{"count":7,"href":"https:\/\/www.bsrsavunma.com.tr\/index.php?rest_route=\/wp\/v2\/pages\/264\/revisions"}],"predecessor-version":[{"id":416,"href":"https:\/\/www.bsrsavunma.com.tr\/index.php?rest_route=\/wp\/v2\/pages\/264\/revisions\/416"}],"wp:featuredmedia":[{"embeddable":true,"href":"https:\/\/www.bsrsavunma.com.tr\/index.php?rest_route=\/wp\/v2\/media\/18"}],"wp:attachment":[{"href":"https:\/\/www.bsrsavunma.com.tr\/index.php?rest_route=%2Fwp%2Fv2%2Fmedia&parent=264"}],"curies":[{"name":"wp","href":"https:\/\/api.w.org\/{rel}","templated":true}]}}